{"id":969,"date":"2021-06-11T11:59:09","date_gmt":"2021-06-11T08:59:09","guid":{"rendered":"https:\/\/arabikakafija.lv\/index.php\/product\/malta-kafija-corsini-espresso-100-arabica-250gr-bundza\/"},"modified":"2026-04-09T15:27:07","modified_gmt":"2026-04-09T12:27:07","slug":"malta-kafija-corsini-espresso-100-arabica","status":"publish","type":"product","link":"https:\/\/arabikakafija.lv\/en\/product\/malta-kafija-corsini-espresso-100-arabica\/","title":{"rendered":"Ground coffee Espresso, 250g, can, 100% arabica"},"content":{"rendered":"<p>It\u0101lij\u0101, kop\u0161 laika, kad tika izgudrots pirmais espresso kafijas autom\u0101ts, pateicoties liel\u0101kam \u016bdens spiedienam un s\u012bk\u0101k sasmalcin\u0101t\u0101m kafijas pupi\u0146\u0101m, k\u013cuva iesp\u0113jams daudz lab\u0101k nov\u0113rt\u0113t It\u0101\u013cu espresso rakstur\u012bgo, intens\u012bvo arom\u0101tu un unik\u0101lo gar\u0161u. \u0160\u012b ir augst\u0101k\u0101s kvalit\u0101tes malt\u0101 kafija Espresso met\u0101la bund\u017e\u0101. Prasm\u012bgs 100% Arabikas kafijas pupi\u0146u mais\u012bjums, ide\u0101li piem\u0113rots \u012bsta It\u0101lijas espresso pagatavo\u0161anai.<\/p>\n<p>12 packs per box.<\/p>\n<p>Roasted in Italy.<\/p>","protected":false},"excerpt":{"rendered":"<p>Top quality Espresso ground coffee in a metal can.<\/p>\n<p>A rich blend of 100% Arabica coffee beans, ideal for making a real Italian espresso.<\/p>\n<p>12 packs per box.<\/p>\n<p>Roasted in Italy.<\/p>","protected":false},"featured_media":3746,"comment_status":"closed","ping_status":"closed","template":"","meta":{"site-sidebar-layout":"default","site-content-layout":"default","ast-site-content-layout":"default","site-content-style":"default","site-sidebar-style":"default","ast-global-header-display":"","ast-banner-title-visibility":"","ast-main-header-display":"","ast-hfb-above-header-display":"","ast-hfb-below-header-display":"","ast-hfb-mobile-header-display":"","site-post-title":"","ast-breadcrumbs-content":"","ast-featured-img":"","footer-sml-layout":"","theme-transparent-header-meta":"default","adv-header-id-meta":"","stick-header-meta":"","header-above-stick-meta":"","header-main-stick-meta":"","header-below-stick-meta":"","astra-migrate-meta-layouts":"set","ast-page-background-enabled":"default","ast-page-background-meta":{"desktop":{"background-color":"var(--ast-global-color-4)","background-image":"","background-repeat":"repeat","background-position":"center center","background-size":"auto","background-attachment":"scroll","background-type":"","background-media":"","overlay-type":"","overlay-color":"","overlay-opacity":"","overlay-gradient":""},"tablet":{"background-color":"","background-image":"","background-repeat":"repeat","background-position":"center center","background-size":"auto","background-attachment":"scroll","background-type":"","background-media":"","overlay-type":"","overlay-color":"","overlay-opacity":"","overlay-gradient":""},"mobile":{"background-color":"","background-image":"","background-repeat":"repeat","background-position":"center center","background-size":"auto","background-attachment":"scroll","background-type":"","background-media":"","overlay-type":"","overlay-color":"","overlay-opacity":"","overlay-gradient":""}},"ast-content-background-meta":{"desktop":{"background-color":"var(--ast-global-color-5)","background-image":"","background-repeat":"repeat","background-position":"center center","background-size":"auto","background-attachment":"scroll","background-type":"","background-media":"","overlay-type":"","overlay-color":"","overlay-opacity":"","overlay-gradient":""},"tablet":{"background-color":"var(--ast-global-color-5)","background-image":"","background-repeat":"repeat","background-position":"center center","background-size":"auto","background-attachment":"scroll","background-type":"","background-media":"","overlay-type":"","overlay-color":"","overlay-opacity":"","overlay-gradient":""},"mobile":{"background-color":"var(--ast-global-color-5)","background-image":"","background-repeat":"repeat","background-position":"center center","background-size":"auto","background-attachment":"scroll","background-type":"","background-media":"","overlay-type":"","overlay-color":"","overlay-opacity":"","overlay-gradient":""}}},"product_brand":[],"product_cat":[54,37],"product_tag":[119],"class_list":{"0":"post-969","1":"product","2":"type-product","3":"status-publish","4":"has-post-thumbnail","6":"product_cat-malta-kafija","7":"product_cat-other","8":"product_tag-espresso-malta-kafija","9":"desktop-align-left","10":"tablet-align-left","11":"mobile-align-left","13":"first","14":"instock","15":"taxable","16":"shipping-taxable","17":"purchasable","18":"product-type-simple"},"_links":{"self":[{"href":"https:\/\/arabikakafija.lv\/en\/wp-json\/wp\/v2\/product\/969","targetHints":{"allow":["GET"]}}],"collection":[{"href":"https:\/\/arabikakafija.lv\/en\/wp-json\/wp\/v2\/product"}],"about":[{"href":"https:\/\/arabikakafija.lv\/en\/wp-json\/wp\/v2\/types\/product"}],"replies":[{"embeddable":true,"href":"https:\/\/arabikakafija.lv\/en\/wp-json\/wp\/v2\/comments?post=969"}],"version-history":[{"count":4,"href":"https:\/\/arabikakafija.lv\/en\/wp-json\/wp\/v2\/product\/969\/revisions"}],"predecessor-version":[{"id":11226,"href":"https:\/\/arabikakafija.lv\/en\/wp-json\/wp\/v2\/product\/969\/revisions\/11226"}],"wp:featuredmedia":[{"embeddable":true,"href":"https:\/\/arabikakafija.lv\/en\/wp-json\/wp\/v2\/media\/3746"}],"wp:attachment":[{"href":"https:\/\/arabikakafija.lv\/en\/wp-json\/wp\/v2\/media?parent=969"}],"wp:term":[{"taxonomy":"product_brand","embeddable":true,"href":"https:\/\/arabikakafija.lv\/en\/wp-json\/wp\/v2\/product_brand?post=969"},{"taxonomy":"product_cat","embeddable":true,"href":"https:\/\/arabikakafija.lv\/en\/wp-json\/wp\/v2\/product_cat?post=969"},{"taxonomy":"product_tag","embeddable":true,"href":"https:\/\/arabikakafija.lv\/en\/wp-json\/wp\/v2\/product_tag?post=969"}],"curies":[{"name":"wp","href":"https:\/\/api.w.org\/{rel}","templated":true}]}}