{"id":9576,"date":"2025-10-03T11:17:59","date_gmt":"2025-10-03T08:17:59","guid":{"rendered":"https:\/\/arabikakafija.lv\/?post_type=product&#038;p=9576"},"modified":"2026-04-09T15:27:09","modified_gmt":"2026-04-09T12:27:09","slug":"malta-kafija-superior-250g","status":"publish","type":"product","link":"https:\/\/arabikakafija.lv\/en\/product\/malta-kafija-superior-250g\/","title":{"rendered":"Malta kafija Superior 250g"},"content":{"rendered":"<p>R\u016bp\u012bgi atlas\u012btas un grauzd\u0113tas kafijas pupi\u0146as, kuras grauzd\u0113jot un sama\u013cot rada dz\u0113rienu ar piln\u012bgu gar\u0161u un vilino\u0161u arom\u0101tu.<\/p>\n<p>R\u016bp\u012bgi izstr\u0101d\u0101tais grauzd\u0113jums pie\u0161\u0137ir \u0161ai kafijai sp\u0113c\u012bgu gar\u0161u.<\/p>\n<p>100% Robusta mais\u012bjums.<\/p>\n<p>IZTEIKTA GAR\u0160A, PILNMIES\u012aGS UN SABALANS\u0112TS<\/p>\n<p>Raksturojums:<\/p>\n<p>Grauzd\u0113jums: vid\u0113ji tum\u0161s<\/p>\n<p>Pilnmies\u012bgums: 5\/6<\/p>\n<p>Saldums: 1\/6<\/p>","protected":false},"excerpt":{"rendered":"<p>R\u016bp\u012bgi atlas\u012btas un grauzd\u0113tas kafijas pupi\u0146as, kuras grauzd\u0113jot un sama\u013cot rada dz\u0113rienu ar piln\u012bgu gar\u0161u un vilino\u0161u arom\u0101tu.<\/p>\n<p>R\u016bp\u012bgi izstr\u0101d\u0101tais grauzd\u0113jums pie\u0161\u0137ir \u0161ai kafijai sp\u0113c\u012bgu gar\u0161u.<\/p>\n<p>100% Robusta mais\u012bjums.<\/p>\n<p>IZTEIKTA GAR\u0160A, PILNMIES\u012aGS UN SABALANS\u0112TS<\/p>\n<p>Raksturojums:<\/p>\n<p>Grauzd\u0113jums: vid\u0113ji tum\u0161s<\/p>\n<p>Pilnmies\u012bgums: 5\/6<\/p>\n<p>Saldums: 1\/6<\/p>","protected":false},"featured_media":9577,"comment_status":"open","ping_status":"closed","template":"","meta":{"site-sidebar-layout":"default","site-content-layout":"","ast-site-content-layout":"default","site-content-style":"default","site-sidebar-style":"default","ast-global-header-display":"","ast-banner-title-visibility":"","ast-main-header-display":"","ast-hfb-above-header-display":"","ast-hfb-below-header-display":"","ast-hfb-mobile-header-display":"","site-post-title":"","ast-breadcrumbs-content":"","ast-featured-img":"","footer-sml-layout":"","theme-transparent-header-meta":"default","adv-header-id-meta":"","stick-header-meta":"","header-above-stick-meta":"","header-main-stick-meta":"","header-below-stick-meta":"","astra-migrate-meta-layouts":"set","ast-page-background-enabled":"default","ast-page-background-meta":{"desktop":{"background-color":"var(--ast-global-color-4)","background-image":"","background-repeat":"repeat","background-position":"center center","background-size":"auto","background-attachment":"scroll","background-type":"","background-media":"","overlay-type":"","overlay-color":"","overlay-opacity":"","overlay-gradient":""},"tablet":{"background-color":"","background-image":"","background-repeat":"repeat","background-position":"center center","background-size":"auto","background-attachment":"scroll","background-type":"","background-media":"","overlay-type":"","overlay-color":"","overlay-opacity":"","overlay-gradient":""},"mobile":{"background-color":"","background-image":"","background-repeat":"repeat","background-position":"center center","background-size":"auto","background-attachment":"scroll","background-type":"","background-media":"","overlay-type":"","overlay-color":"","overlay-opacity":"","overlay-gradient":""}},"ast-content-background-meta":{"desktop":{"background-color":"var(--ast-global-color-5)","background-image":"","background-repeat":"repeat","background-position":"center center","background-size":"auto","background-attachment":"scroll","background-type":"","background-media":"","overlay-type":"","overlay-color":"","overlay-opacity":"","overlay-gradient":""},"tablet":{"background-color":"var(--ast-global-color-5)","background-image":"","background-repeat":"repeat","background-position":"center center","background-size":"auto","background-attachment":"scroll","background-type":"","background-media":"","overlay-type":"","overlay-color":"","overlay-opacity":"","overlay-gradient":""},"mobile":{"background-color":"var(--ast-global-color-5)","background-image":"","background-repeat":"repeat","background-position":"center center","background-size":"auto","background-attachment":"scroll","background-type":"","background-media":"","overlay-type":"","overlay-color":"","overlay-opacity":"","overlay-gradient":""}}},"product_brand":[],"product_cat":[128,54],"product_tag":[],"class_list":{"0":"post-9576","1":"product","2":"type-product","3":"status-publish","4":"has-post-thumbnail","6":"product_cat-akcija","7":"product_cat-malta-kafija","8":"desktop-align-left","9":"tablet-align-left","10":"mobile-align-left","12":"first","13":"instock","14":"sale","15":"taxable","16":"shipping-taxable","17":"purchasable","18":"product-type-simple"},"_links":{"self":[{"href":"https:\/\/arabikakafija.lv\/en\/wp-json\/wp\/v2\/product\/9576","targetHints":{"allow":["GET"]}}],"collection":[{"href":"https:\/\/arabikakafija.lv\/en\/wp-json\/wp\/v2\/product"}],"about":[{"href":"https:\/\/arabikakafija.lv\/en\/wp-json\/wp\/v2\/types\/product"}],"replies":[{"embeddable":true,"href":"https:\/\/arabikakafija.lv\/en\/wp-json\/wp\/v2\/comments?post=9576"}],"version-history":[{"count":4,"href":"https:\/\/arabikakafija.lv\/en\/wp-json\/wp\/v2\/product\/9576\/revisions"}],"predecessor-version":[{"id":9934,"href":"https:\/\/arabikakafija.lv\/en\/wp-json\/wp\/v2\/product\/9576\/revisions\/9934"}],"wp:featuredmedia":[{"embeddable":true,"href":"https:\/\/arabikakafija.lv\/en\/wp-json\/wp\/v2\/media\/9577"}],"wp:attachment":[{"href":"https:\/\/arabikakafija.lv\/en\/wp-json\/wp\/v2\/media?parent=9576"}],"wp:term":[{"taxonomy":"product_brand","embeddable":true,"href":"https:\/\/arabikakafija.lv\/en\/wp-json\/wp\/v2\/product_brand?post=9576"},{"taxonomy":"product_cat","embeddable":true,"href":"https:\/\/arabikakafija.lv\/en\/wp-json\/wp\/v2\/product_cat?post=9576"},{"taxonomy":"product_tag","embeddable":true,"href":"https:\/\/arabikakafija.lv\/en\/wp-json\/wp\/v2\/product_tag?post=9576"}],"curies":[{"name":"wp","href":"https:\/\/api.w.org\/{rel}","templated":true}]}}