{"id":7677,"date":"2025-05-26T16:22:39","date_gmt":"2025-05-26T13:22:39","guid":{"rendered":"https:\/\/arabikakafija.lv\/?post_type=product&#038;p=7677"},"modified":"2026-04-20T17:02:31","modified_gmt":"2026-04-20T14:02:31","slug":"ufesa-kafijas-kapsulu-automats-bellagio-bianca","status":"publish","type":"product","link":"https:\/\/arabikakafija.lv\/en\/product\/ufesa-kafijas-kapsulu-automats-bellagio-bianca\/","title":{"rendered":"UFESA Bellagio Bianca capsule coffee machine <span style=\"color: #D83F3F; font-weight: bold;\">+ GIFT<\/span>"},"content":{"rendered":"<p>Ufesa daudzfunkcion\u0101lais kafijas kapsulu autom\u0101ts k\u013c\u016bs par neaizvietojamu pal\u012bgu j\u016bsu brokastu ritu\u0101l\u0101. Tas ir sader\u012bgs ar Nespresso\u00ae un Dolce Gusto\u00ae kapsul\u0101m, k\u0101 ar\u012b maltu kafiju, \u013caujot baud\u012bt pla\u0161u kafijas gar\u0161u un arom\u0101tu kl\u0101stu.<\/p>\n<p>\u0160is 3 vien\u0101 kafijas autom\u0101ts ir apr\u012bkots ar sk\u0101rienvad\u012bbas paneli un pied\u0101v\u0101 7 da\u017e\u0101dus stipruma l\u012bme\u0146us, lai ikviens var\u0113tu piel\u0101got kafiju savai gaumei. Kompaktais izm\u0113rs (22,5 cm augstums x 26,5 cm platums) lieliski ieder\u0113sies jebkur\u0101 virtuv\u0113, savuk\u0101rt stil\u012bgais dizains pieejams balt\u0101 kr\u0101s\u0101. Ar jaud\u012bgu 15 b\u0101ru spiediena s\u016bkni un 1400 W jaudu, \u0161is kafijas autom\u0101ts nodro\u0161ina izcilu kafijas ekstrakciju un bag\u0101t\u012bgu gar\u0161u katr\u0101 tas\u012bt\u0113.<\/p>\n<p>Galven\u0101s \u012bpa\u0161\u012bbas:<\/p>\n<ul>\n<li>Sk\u0101rienvad\u012bbas panelis ar 7 stipruma l\u012bme\u0146iem<\/li>\n<li>No\u0146emama 1 litra \u016bdens tvertne<\/li>\n<li>Sader\u012bgs ar Nespresso\u00ae, Dolce Gusto\u00ae<a href=\"https:\/\/arabikakafija.lv\/en\/kafija\/kafijas-kapsulas-nespresso\/\"> kapsul\u0101m<\/a> and <a href=\"https:\/\/arabikakafija.lv\/en\/kafija\/malta-kafija\/\">ground coffee<\/a><\/li>\n<li>Autom\u0101tisk\u0101 izsl\u0113g\u0161an\u0101s funkcija<\/li>\n<li>Kompakts dizains<\/li>\n<li>15 b\u0101ru spiediena s\u016bknis<\/li>\n<li>1400 W jauda<\/li>\n<\/ul>","protected":false},"excerpt":{"rendered":"<p>Galven\u0101s \u012bpa\u0161\u012bbas:<\/p>\n<ul>\n<li>Sk\u0101rienvad\u012bbas panelis ar 7 stipruma l\u012bme\u0146iem<\/li>\n<li>No\u0146emama 1 litra \u016bdens tvertne<\/li>\n<li>Sader\u012bgs ar Nespresso\u00ae, Dolce Gusto\u00ae<a href=\"https:\/\/arabikakafija.lv\/en\/kafija\/kafijas-kapsulas-nespresso\/\"> kapsul\u0101m<\/a> and <a href=\"https:\/\/arabikakafija.lv\/en\/kafija\/malta-kafija\/\">ground coffee<\/a><\/li>\n<li>Autom\u0101tisk\u0101 izsl\u0113g\u0161an\u0101s funkcija<\/li>\n<li>Kompakts dizains<\/li>\n<li>15 b\u0101ru spiediena s\u016bknis<\/li>\n<li>1400 W jauda<\/li>\n<\/ul>\n<p>D\u0100VANA- <a href=\"https:\/\/arabikakafija.lv\/en\/product\/kafijas-kapsulas-corsini-izlase-100\/\">Kafijas kapsulas Corsini izlase (9\u00d75.2g), 100% arabika<\/a><\/p>\n<p>Atlaide nesumm\u0113jas ar cit\u0101m akcij\u0101m.<\/p>","protected":false},"featured_media":8702,"comment_status":"open","ping_status":"closed","template":"","meta":{"site-sidebar-layout":"default","site-content-layout":"","ast-site-content-layout":"default","site-content-style":"default","site-sidebar-style":"default","ast-global-header-display":"","ast-banner-title-visibility":"","ast-main-header-display":"","ast-hfb-above-header-display":"","ast-hfb-below-header-display":"","ast-hfb-mobile-header-display":"","site-post-title":"","ast-breadcrumbs-content":"","ast-featured-img":"","footer-sml-layout":"","theme-transparent-header-meta":"default","adv-header-id-meta":"","stick-header-meta":"","header-above-stick-meta":"","header-main-stick-meta":"","header-below-stick-meta":"","astra-migrate-meta-layouts":"set","ast-page-background-enabled":"default","ast-page-background-meta":{"desktop":{"background-color":"var(--ast-global-color-4)","background-image":"","background-repeat":"repeat","background-position":"center center","background-size":"auto","background-attachment":"scroll","background-type":"","background-media":"","overlay-type":"","overlay-color":"","overlay-opacity":"","overlay-gradient":""},"tablet":{"background-color":"","background-image":"","background-repeat":"repeat","background-position":"center center","background-size":"auto","background-attachment":"scroll","background-type":"","background-media":"","overlay-type":"","overlay-color":"","overlay-opacity":"","overlay-gradient":""},"mobile":{"background-color":"","background-image":"","background-repeat":"repeat","background-position":"center center","background-size":"auto","background-attachment":"scroll","background-type":"","background-media":"","overlay-type":"","overlay-color":"","overlay-opacity":"","overlay-gradient":""}},"ast-content-background-meta":{"desktop":{"background-color":"var(--ast-global-color-5)","background-image":"","background-repeat":"repeat","background-position":"center center","background-size":"auto","background-attachment":"scroll","background-type":"","background-media":"","overlay-type":"","overlay-color":"","overlay-opacity":"","overlay-gradient":""},"tablet":{"background-color":"var(--ast-global-color-5)","background-image":"","background-repeat":"repeat","background-position":"center center","background-size":"auto","background-attachment":"scroll","background-type":"","background-media":"","overlay-type":"","overlay-color":"","overlay-opacity":"","overlay-gradient":""},"mobile":{"background-color":"var(--ast-global-color-5)","background-image":"","background-repeat":"repeat","background-position":"center center","background-size":"auto","background-attachment":"scroll","background-type":"","background-media":"","overlay-type":"","overlay-color":"","overlay-opacity":"","overlay-gradient":""}}},"product_brand":[],"product_cat":[56],"product_tag":[],"class_list":{"0":"post-7677","1":"product","2":"type-product","3":"status-publish","4":"has-post-thumbnail","6":"product_cat-bruvriki","7":"desktop-align-left","8":"tablet-align-left","9":"mobile-align-left","11":"first","12":"instock","13":"sale","14":"taxable","15":"shipping-taxable","16":"purchasable","17":"product-type-simple"},"_links":{"self":[{"href":"https:\/\/arabikakafija.lv\/en\/wp-json\/wp\/v2\/product\/7677","targetHints":{"allow":["GET"]}}],"collection":[{"href":"https:\/\/arabikakafija.lv\/en\/wp-json\/wp\/v2\/product"}],"about":[{"href":"https:\/\/arabikakafija.lv\/en\/wp-json\/wp\/v2\/types\/product"}],"replies":[{"embeddable":true,"href":"https:\/\/arabikakafija.lv\/en\/wp-json\/wp\/v2\/comments?post=7677"}],"version-history":[{"count":13,"href":"https:\/\/arabikakafija.lv\/en\/wp-json\/wp\/v2\/product\/7677\/revisions"}],"predecessor-version":[{"id":8642,"href":"https:\/\/arabikakafija.lv\/en\/wp-json\/wp\/v2\/product\/7677\/revisions\/8642"}],"wp:featuredmedia":[{"embeddable":true,"href":"https:\/\/arabikakafija.lv\/en\/wp-json\/wp\/v2\/media\/8702"}],"wp:attachment":[{"href":"https:\/\/arabikakafija.lv\/en\/wp-json\/wp\/v2\/media?parent=7677"}],"wp:term":[{"taxonomy":"product_brand","embeddable":true,"href":"https:\/\/arabikakafija.lv\/en\/wp-json\/wp\/v2\/product_brand?post=7677"},{"taxonomy":"product_cat","embeddable":true,"href":"https:\/\/arabikakafija.lv\/en\/wp-json\/wp\/v2\/product_cat?post=7677"},{"taxonomy":"product_tag","embeddable":true,"href":"https:\/\/arabikakafija.lv\/en\/wp-json\/wp\/v2\/product_tag?post=7677"}],"curies":[{"name":"wp","href":"https:\/\/api.w.org\/{rel}","templated":true}]}}