{"id":6021,"date":"2025-02-04T15:05:25","date_gmt":"2025-02-04T13:05:25","guid":{"rendered":"https:\/\/arabikakafija.lv\/?post_type=product&#038;p=6021"},"modified":"2026-04-09T15:27:09","modified_gmt":"2026-04-09T12:27:09","slug":"kafijas-kapsulas-corsini-saderigas-ar","status":"publish","type":"product","link":"https:\/\/arabikakafija.lv\/en\/product\/kafijas-kapsulas-corsini-saderigas-ar\/","title":{"rendered":"Kafijas kapsulas Corsini, Nescaf\u00e8\u00ae Dolce Gusto\u00ae | \u017de\u0146\u0161e\u0146s | 16 gab."},"content":{"rendered":"<p>16 kapsulas t\u012bras Arabica malt\u0101s kafijas ar \u017dE\u0145\u0160E\u0145A ekstraktu.<\/p>\n<p>Sast\u0101vda\u013cas: Grauzd\u0113t\u0101 malt\u0101 kafija 99,4%, \u017ee\u0146\u0161e\u0146a ekstrakts 0,1%, aromatiz\u0113t\u0101ji.\u2028Uzglab\u0101t v\u0113s\u0101, saus\u0101 viet\u0101.<\/p>\n<p>COOPERATION<\/p>\n<p>The capsules are compatible with Nescaf\u00e8\u00ae Dolce Gusto\u00ae* coffee machines (*This brand is not owned by Corsino Corsini Srl or its related companies).<\/p>\n<p><strong>Ieteicams l\u012bdz<\/strong>: 17.07.2026<\/p>","protected":false},"excerpt":{"rendered":"<p>16 coffee capsules of pure Arabica ground coffee with Ginseng extract.<\/p>\n<p>Ingredients: roasted ground coffee 99,4%, ginseng extract 0,1%, flavourings.<\/p>\n<p>Store in a cool, dry place.<\/p>\n<p>COOPERATION<\/p>\n<p>The capsules are compatible with Nescaf\u00e8\u00ae Dolce Gusto\u00ae* coffee machines (*This brand is not owned by Corsino Corsini Srl or its related companies).<\/p>\n<p><strong>Ieteicams l\u012bdz<\/strong>: 17.07.2026<\/p>","protected":false},"featured_media":10684,"comment_status":"open","ping_status":"closed","template":"","meta":{"site-sidebar-layout":"default","site-content-layout":"","ast-site-content-layout":"default","site-content-style":"default","site-sidebar-style":"default","ast-global-header-display":"","ast-banner-title-visibility":"","ast-main-header-display":"","ast-hfb-above-header-display":"","ast-hfb-below-header-display":"","ast-hfb-mobile-header-display":"","site-post-title":"","ast-breadcrumbs-content":"","ast-featured-img":"","footer-sml-layout":"","theme-transparent-header-meta":"default","adv-header-id-meta":"","stick-header-meta":"","header-above-stick-meta":"","header-main-stick-meta":"","header-below-stick-meta":"","astra-migrate-meta-layouts":"set","ast-page-background-enabled":"default","ast-page-background-meta":{"desktop":{"background-color":"var(--ast-global-color-4)","background-image":"","background-repeat":"repeat","background-position":"center center","background-size":"auto","background-attachment":"scroll","background-type":"","background-media":"","overlay-type":"","overlay-color":"","overlay-opacity":"","overlay-gradient":""},"tablet":{"background-color":"","background-image":"","background-repeat":"repeat","background-position":"center center","background-size":"auto","background-attachment":"scroll","background-type":"","background-media":"","overlay-type":"","overlay-color":"","overlay-opacity":"","overlay-gradient":""},"mobile":{"background-color":"","background-image":"","background-repeat":"repeat","background-position":"center center","background-size":"auto","background-attachment":"scroll","background-type":"","background-media":"","overlay-type":"","overlay-color":"","overlay-opacity":"","overlay-gradient":""}},"ast-content-background-meta":{"desktop":{"background-color":"var(--ast-global-color-5)","background-image":"","background-repeat":"repeat","background-position":"center center","background-size":"auto","background-attachment":"scroll","background-type":"","background-media":"","overlay-type":"","overlay-color":"","overlay-opacity":"","overlay-gradient":""},"tablet":{"background-color":"var(--ast-global-color-5)","background-image":"","background-repeat":"repeat","background-position":"center center","background-size":"auto","background-attachment":"scroll","background-type":"","background-media":"","overlay-type":"","overlay-color":"","overlay-opacity":"","overlay-gradient":""},"mobile":{"background-color":"var(--ast-global-color-5)","background-image":"","background-repeat":"repeat","background-position":"center center","background-size":"auto","background-attachment":"scroll","background-type":"","background-media":"","overlay-type":"","overlay-color":"","overlay-opacity":"","overlay-gradient":""}}},"product_brand":[],"product_cat":[55,41],"product_tag":[],"class_list":{"0":"post-6021","1":"product","2":"type-product","3":"status-publish","4":"has-post-thumbnail","6":"product_cat-kapsulas","7":"product_cat-zensena-kafija","8":"desktop-align-left","9":"tablet-align-left","10":"mobile-align-left","12":"first","13":"instock","14":"sale","15":"taxable","16":"shipping-taxable","17":"purchasable","18":"product-type-simple"},"_links":{"self":[{"href":"https:\/\/arabikakafija.lv\/en\/wp-json\/wp\/v2\/product\/6021","targetHints":{"allow":["GET"]}}],"collection":[{"href":"https:\/\/arabikakafija.lv\/en\/wp-json\/wp\/v2\/product"}],"about":[{"href":"https:\/\/arabikakafija.lv\/en\/wp-json\/wp\/v2\/types\/product"}],"replies":[{"embeddable":true,"href":"https:\/\/arabikakafija.lv\/en\/wp-json\/wp\/v2\/comments?post=6021"}],"version-history":[{"count":12,"href":"https:\/\/arabikakafija.lv\/en\/wp-json\/wp\/v2\/product\/6021\/revisions"}],"predecessor-version":[{"id":10637,"href":"https:\/\/arabikakafija.lv\/en\/wp-json\/wp\/v2\/product\/6021\/revisions\/10637"}],"wp:featuredmedia":[{"embeddable":true,"href":"https:\/\/arabikakafija.lv\/en\/wp-json\/wp\/v2\/media\/10684"}],"wp:attachment":[{"href":"https:\/\/arabikakafija.lv\/en\/wp-json\/wp\/v2\/media?parent=6021"}],"wp:term":[{"taxonomy":"product_brand","embeddable":true,"href":"https:\/\/arabikakafija.lv\/en\/wp-json\/wp\/v2\/product_brand?post=6021"},{"taxonomy":"product_cat","embeddable":true,"href":"https:\/\/arabikakafija.lv\/en\/wp-json\/wp\/v2\/product_cat?post=6021"},{"taxonomy":"product_tag","embeddable":true,"href":"https:\/\/arabikakafija.lv\/en\/wp-json\/wp\/v2\/product_tag?post=6021"}],"curies":[{"name":"wp","href":"https:\/\/api.w.org\/{rel}","templated":true}]}}