{"id":5929,"date":"2025-01-30T09:01:18","date_gmt":"2025-01-30T07:01:18","guid":{"rendered":"https:\/\/arabikakafija.lv\/?post_type=product&#038;p=5929"},"modified":"2026-04-09T15:27:09","modified_gmt":"2026-04-09T12:27:09","slug":"melitta-plastmasas-kafijas-filtru-konuss","status":"publish","type":"product","link":"https:\/\/arabikakafija.lv\/en\/product\/melitta-plastmasas-kafijas-filtru-konuss\/","title":{"rendered":"Melitta Plastic coffee filter cone 1\u00d74, black"},"content":{"rendered":"<p>Galven\u0101s priek\u0161roc\u012bbas:<\/p>\n<p>Divas kafijas tas\u012btes vienlaikus: Konuss ir apr\u012bkots ar div\u0101m izvadatver\u0113m, kas \u013cauj pagatavot vienlaic\u012bgi vienu vai divas kafijas tas\u012btes.<\/p>\n<p>Uzlabota \u016bdens pl\u016bsma: Konusa iek\u0161\u0113j\u0101s rievas ir \u012bpa\u0161i izstr\u0101d\u0101tas, lai nodro\u0161in\u0101tu vienm\u0113r\u012bgu \u016bdens pl\u016bsmu un optim\u0101lu kafijas pagatavo\u0161anu.<\/p>\n<p>Praktisks s\u0101nu atv\u0113rums: S\u0101nu atveres \u013cauj viegli p\u0101rbaud\u012bt kafijas l\u012bmeni tas\u012bt\u0113, padarot procesu v\u0113l \u0113rt\u0101ku.<\/p>\n<p>Kvalitat\u012bvs un vienk\u0101r\u0161i lietojams:<\/p>\n<p>\u0160is manu\u0101lais kafijas filtrs ir ide\u0101li piem\u0113rots tiem, kuri nov\u0113rt\u0113 kafijas pagatavo\u0161anas procesu un v\u0113las kontrol\u0113t katru deta\u013cu, lai ieg\u016btu nevainojamu kafijas gar\u0161u.<\/p>\n<p>(Iepakojum\u0101 ietilpst tikai kafijas filtrs \u2013 <a href=\"https:\/\/arabikakafija.lv\/en\/product\/melitta-bruna-papira-kafijas-filtri-1x4-aroma-zones-40gb\/\">pievienojiet Melitta\u00ae 1&#215;4 filtrus piln\u012bgam komplektam!<\/a>)<\/p>\n<p>Skat\u012bt, k\u0101 pagatavot filtr\u0113tu kafiju <a href=\"https:\/\/www.facebook.com\/reel\/470916552742794\" target=\"_blank\" rel=\"noopener\">Facebook<\/a> and <a href=\"https:\/\/www.instagram.com\/reel\/DFsLt45vSQG\/?utm_source=ig_web_copy_link\" target=\"_blank\" rel=\"noopener\">Instagram<\/a>.<\/p>","protected":false},"excerpt":{"rendered":"<p>Melitta Pour Over s\u0113rijas galvenais elements \u2013 plastmasas kafijas filtru konuss 1&#215;4 \u2013 ir neaizst\u0101jams r\u012bks, lai pagatavotu arom\u0101tisku un nevainojamu kafiju.<\/p>","protected":false},"featured_media":5930,"comment_status":"open","ping_status":"closed","template":"","meta":{"site-sidebar-layout":"default","site-content-layout":"","ast-site-content-layout":"default","site-content-style":"default","site-sidebar-style":"default","ast-global-header-display":"","ast-banner-title-visibility":"","ast-main-header-display":"","ast-hfb-above-header-display":"","ast-hfb-below-header-display":"","ast-hfb-mobile-header-display":"","site-post-title":"","ast-breadcrumbs-content":"","ast-featured-img":"","footer-sml-layout":"","theme-transparent-header-meta":"default","adv-header-id-meta":"","stick-header-meta":"","header-above-stick-meta":"","header-main-stick-meta":"","header-below-stick-meta":"","astra-migrate-meta-layouts":"set","ast-page-background-enabled":"default","ast-page-background-meta":{"desktop":{"background-color":"var(--ast-global-color-4)","background-image":"","background-repeat":"repeat","background-position":"center center","background-size":"auto","background-attachment":"scroll","background-type":"","background-media":"","overlay-type":"","overlay-color":"","overlay-opacity":"","overlay-gradient":""},"tablet":{"background-color":"","background-image":"","background-repeat":"repeat","background-position":"center center","background-size":"auto","background-attachment":"scroll","background-type":"","background-media":"","overlay-type":"","overlay-color":"","overlay-opacity":"","overlay-gradient":""},"mobile":{"background-color":"","background-image":"","background-repeat":"repeat","background-position":"center center","background-size":"auto","background-attachment":"scroll","background-type":"","background-media":"","overlay-type":"","overlay-color":"","overlay-opacity":"","overlay-gradient":""}},"ast-content-background-meta":{"desktop":{"background-color":"var(--ast-global-color-5)","background-image":"","background-repeat":"repeat","background-position":"center center","background-size":"auto","background-attachment":"scroll","background-type":"","background-media":"","overlay-type":"","overlay-color":"","overlay-opacity":"","overlay-gradient":""},"tablet":{"background-color":"var(--ast-global-color-5)","background-image":"","background-repeat":"repeat","background-position":"center center","background-size":"auto","background-attachment":"scroll","background-type":"","background-media":"","overlay-type":"","overlay-color":"","overlay-opacity":"","overlay-gradient":""},"mobile":{"background-color":"var(--ast-global-color-5)","background-image":"","background-repeat":"repeat","background-position":"center center","background-size":"auto","background-attachment":"scroll","background-type":"","background-media":"","overlay-type":"","overlay-color":"","overlay-opacity":"","overlay-gradient":""}}},"product_brand":[],"product_cat":[56],"product_tag":[168],"class_list":{"0":"post-5929","1":"product","2":"type-product","3":"status-publish","4":"has-post-thumbnail","6":"product_cat-bruvriki","7":"product_tag-filtreta-kafija","8":"desktop-align-left","9":"tablet-align-left","10":"mobile-align-left","12":"first","13":"instock","14":"taxable","15":"shipping-taxable","16":"purchasable","17":"product-type-simple"},"_links":{"self":[{"href":"https:\/\/arabikakafija.lv\/en\/wp-json\/wp\/v2\/product\/5929","targetHints":{"allow":["GET"]}}],"collection":[{"href":"https:\/\/arabikakafija.lv\/en\/wp-json\/wp\/v2\/product"}],"about":[{"href":"https:\/\/arabikakafija.lv\/en\/wp-json\/wp\/v2\/types\/product"}],"replies":[{"embeddable":true,"href":"https:\/\/arabikakafija.lv\/en\/wp-json\/wp\/v2\/comments?post=5929"}],"version-history":[{"count":5,"href":"https:\/\/arabikakafija.lv\/en\/wp-json\/wp\/v2\/product\/5929\/revisions"}],"predecessor-version":[{"id":6919,"href":"https:\/\/arabikakafija.lv\/en\/wp-json\/wp\/v2\/product\/5929\/revisions\/6919"}],"wp:featuredmedia":[{"embeddable":true,"href":"https:\/\/arabikakafija.lv\/en\/wp-json\/wp\/v2\/media\/5930"}],"wp:attachment":[{"href":"https:\/\/arabikakafija.lv\/en\/wp-json\/wp\/v2\/media?parent=5929"}],"wp:term":[{"taxonomy":"product_brand","embeddable":true,"href":"https:\/\/arabikakafija.lv\/en\/wp-json\/wp\/v2\/product_brand?post=5929"},{"taxonomy":"product_cat","embeddable":true,"href":"https:\/\/arabikakafija.lv\/en\/wp-json\/wp\/v2\/product_cat?post=5929"},{"taxonomy":"product_tag","embeddable":true,"href":"https:\/\/arabikakafija.lv\/en\/wp-json\/wp\/v2\/product_tag?post=5929"}],"curies":[{"name":"wp","href":"https:\/\/api.w.org\/{rel}","templated":true}]}}