{"id":5917,"date":"2025-01-29T12:49:15","date_gmt":"2025-01-29T10:49:15","guid":{"rendered":"https:\/\/arabikakafija.lv\/?post_type=product&#038;p=5917"},"modified":"2026-04-09T15:27:09","modified_gmt":"2026-04-09T12:27:09","slug":"melitta-bruna-papira-kafijas-filtri-1x4","status":"publish","type":"product","link":"https:\/\/arabikakafija.lv\/en\/product\/melitta-bruna-papira-kafijas-filtri-1x4\/","title":{"rendered":"Melitta Brown paper coffee filters 1\u00d74 Aroma Zones, 40pcs."},"content":{"rendered":"<p>Ilgtsp\u0113j\u012bga ra\u017eo\u0161ana ar FSC\u00ae sertifik\u0101tu<\/p>\n<p>Melitta Group ir lepni FSC\u00ae (Forest Stewardship Council\u00ae) sertific\u0113ts uz\u0146\u0113mums, kas r\u016bp\u0113jas par atbild\u012bgu me\u017eu apsaimnieko\u0161anu. FSC\u00ae sertifik\u0101ts garant\u0113, ka filtru ra\u017eo\u0161an\u0101 izmantot\u0101 celuloze n\u0101k no ilgtsp\u0113j\u012bgi apsaimniekotiem me\u017eiem, \u0146emot v\u0113r\u0101 soci\u0101l\u0101s, ekonomisk\u0101s un ekolo\u0123isk\u0101s vajadz\u012bbas \u2013 gan \u0161odienai, gan n\u0101kamaj\u0101m paaudz\u0113m.<\/p>\n<p>Aromapor\u00ae tehnolo\u0123ija \u2013 piln\u012bgai kafijas gar\u0161ai<\/p>\n<p>Melitta\u00ae filtri ir apr\u012bkoti ar Aromapores, kas \u013cauj caur filtru izpl\u016bst vair\u0101k kafijas e\u013c\u013cu nek\u0101 standarta filtriem. Tas noz\u012bm\u0113, ka tiek ieg\u016bta v\u0113l arom\u0101tisk\u0101ka kafija, izce\u013cot visas gar\u0161as nianses, kas sl\u0113pjas kafijas pupi\u0146\u0101s.<\/p>\n<p>Melitta\u00ae sist\u0113ma un filtru izm\u0113ri<\/p>\n<p>Melitta\u00ae 1963. gad\u0101 rad\u012bja 1x sist\u0113mu, s\u0101kotn\u0113ji noz\u012bm\u0113jot konkr\u0113tu tas\u012b\u0161u skaitu ar vienu uzl\u0113jumu (piem\u0113ram, 1&#215;4 \u2013 \u010detras tas\u012btes ar vienu \u016bdens uzl\u0113jumu). Lai gan \u0161\u012b sist\u0113ma vairs nav prec\u012bzs r\u0101d\u012bt\u0101js m\u016bsdien\u0101s, t\u0101 ir k\u013cuvusi par nozares standartu un joproj\u0101m pied\u0101v\u0101 univers\u0101lu un \u0113rtu kafijas pagatavo\u0161anu.<\/p>\n<p>Skat\u012bt, k\u0101 pagatavot filtr\u0113tu kafiju <a href=\"https:\/\/www.facebook.com\/reel\/470916552742794\" target=\"_blank\" rel=\"noopener\">Facebook<\/a> and <a href=\"https:\/\/www.instagram.com\/reel\/DFsLt45vSQG\/?utm_source=ig_web_copy_link\" target=\"_blank\" rel=\"noopener\">Instagram<\/a>.<\/p>","protected":false},"excerpt":{"rendered":"<p>Melitta\u00ae kafijas filtri ir rad\u012bti, lai nodro\u0161in\u0101tu izcilu kafijas pagatavo\u0161anas pieredzi. Izgatavoti no augstas kvalit\u0101tes, poraina Aromapor\u00ae pap\u012bra, tie \u013cauj izfiltr\u0113t e\u013c\u013cas un nogulsnes, vienlaikus saglab\u0101jot bag\u0101t\u012bgo kafijas arom\u0101tu un gar\u0161as nianses.<\/p>","protected":false},"featured_media":5924,"comment_status":"open","ping_status":"closed","template":"","meta":{"site-sidebar-layout":"default","site-content-layout":"","ast-site-content-layout":"default","site-content-style":"default","site-sidebar-style":"default","ast-global-header-display":"","ast-banner-title-visibility":"","ast-main-header-display":"","ast-hfb-above-header-display":"","ast-hfb-below-header-display":"","ast-hfb-mobile-header-display":"","site-post-title":"","ast-breadcrumbs-content":"","ast-featured-img":"","footer-sml-layout":"","theme-transparent-header-meta":"default","adv-header-id-meta":"","stick-header-meta":"","header-above-stick-meta":"","header-main-stick-meta":"","header-below-stick-meta":"","astra-migrate-meta-layouts":"set","ast-page-background-enabled":"default","ast-page-background-meta":{"desktop":{"background-color":"var(--ast-global-color-4)","background-image":"","background-repeat":"repeat","background-position":"center center","background-size":"auto","background-attachment":"scroll","background-type":"","background-media":"","overlay-type":"","overlay-color":"","overlay-opacity":"","overlay-gradient":""},"tablet":{"background-color":"","background-image":"","background-repeat":"repeat","background-position":"center center","background-size":"auto","background-attachment":"scroll","background-type":"","background-media":"","overlay-type":"","overlay-color":"","overlay-opacity":"","overlay-gradient":""},"mobile":{"background-color":"","background-image":"","background-repeat":"repeat","background-position":"center center","background-size":"auto","background-attachment":"scroll","background-type":"","background-media":"","overlay-type":"","overlay-color":"","overlay-opacity":"","overlay-gradient":""}},"ast-content-background-meta":{"desktop":{"background-color":"var(--ast-global-color-5)","background-image":"","background-repeat":"repeat","background-position":"center center","background-size":"auto","background-attachment":"scroll","background-type":"","background-media":"","overlay-type":"","overlay-color":"","overlay-opacity":"","overlay-gradient":""},"tablet":{"background-color":"var(--ast-global-color-5)","background-image":"","background-repeat":"repeat","background-position":"center center","background-size":"auto","background-attachment":"scroll","background-type":"","background-media":"","overlay-type":"","overlay-color":"","overlay-opacity":"","overlay-gradient":""},"mobile":{"background-color":"var(--ast-global-color-5)","background-image":"","background-repeat":"repeat","background-position":"center center","background-size":"auto","background-attachment":"scroll","background-type":"","background-media":"","overlay-type":"","overlay-color":"","overlay-opacity":"","overlay-gradient":""}}},"product_brand":[],"product_cat":[56],"product_tag":[168],"class_list":{"0":"post-5917","1":"product","2":"type-product","3":"status-publish","4":"has-post-thumbnail","6":"product_cat-bruvriki","7":"product_tag-filtreta-kafija","8":"desktop-align-left","9":"tablet-align-left","10":"mobile-align-left","12":"first","13":"instock","14":"taxable","15":"shipping-taxable","16":"purchasable","17":"product-type-simple"},"_links":{"self":[{"href":"https:\/\/arabikakafija.lv\/en\/wp-json\/wp\/v2\/product\/5917","targetHints":{"allow":["GET"]}}],"collection":[{"href":"https:\/\/arabikakafija.lv\/en\/wp-json\/wp\/v2\/product"}],"about":[{"href":"https:\/\/arabikakafija.lv\/en\/wp-json\/wp\/v2\/types\/product"}],"replies":[{"embeddable":true,"href":"https:\/\/arabikakafija.lv\/en\/wp-json\/wp\/v2\/comments?post=5917"}],"version-history":[{"count":7,"href":"https:\/\/arabikakafija.lv\/en\/wp-json\/wp\/v2\/product\/5917\/revisions"}],"predecessor-version":[{"id":7203,"href":"https:\/\/arabikakafija.lv\/en\/wp-json\/wp\/v2\/product\/5917\/revisions\/7203"}],"wp:featuredmedia":[{"embeddable":true,"href":"https:\/\/arabikakafija.lv\/en\/wp-json\/wp\/v2\/media\/5924"}],"wp:attachment":[{"href":"https:\/\/arabikakafija.lv\/en\/wp-json\/wp\/v2\/media?parent=5917"}],"wp:term":[{"taxonomy":"product_brand","embeddable":true,"href":"https:\/\/arabikakafija.lv\/en\/wp-json\/wp\/v2\/product_brand?post=5917"},{"taxonomy":"product_cat","embeddable":true,"href":"https:\/\/arabikakafija.lv\/en\/wp-json\/wp\/v2\/product_cat?post=5917"},{"taxonomy":"product_tag","embeddable":true,"href":"https:\/\/arabikakafija.lv\/en\/wp-json\/wp\/v2\/product_tag?post=5917"}],"curies":[{"name":"wp","href":"https:\/\/api.w.org\/{rel}","templated":true}]}}