{"id":4893,"date":"2024-07-18T12:18:58","date_gmt":"2024-07-18T09:18:58","guid":{"rendered":"https:\/\/arabikakafija.lv\/?post_type=product&#038;p=4893"},"modified":"2026-04-09T15:27:09","modified_gmt":"2026-04-09T12:27:09","slug":"malta-kafija-bundza-corsini-jamaica-100","status":"publish","type":"product","link":"https:\/\/arabikakafija.lv\/en\/product\/malta-kafija-bundza-corsini-jamaica-100\/","title":{"rendered":"Ground coffee Jamaica, 250g, can, 100% arabica"},"content":{"rendered":"<p>Ekskluz\u012bva Jamaikas 100% arabika malt\u0101 kafija, izcilas gar\u0161as baud\u012bjums. Skaist\u0101k\u0101 sala, kas jebkad ir redz\u0113ta, k\u0101 to defin\u0113jis Kristofers Kolumbs, Jamaika ir regeja m\u016bzikas zeme ar gar\u0101m balt\u0101m pludmal\u0113m, ta\u010du t\u0101 ir ar\u012b patiesi \u012bpa\u0161as kafijas zeme.<\/p>\n<p>Jamaikas &#8220;Blue Mountain&#8221;, ko sauc ar\u012b par \u201ckafijas kavi\u0101ru\u201d, ir viena no visaugst\u0101k nov\u0113rt\u0113taj\u0101m kafij\u0101m pasaul\u0113. T\u0101 aug &#8220;zilajos kalnos&#8221;, salas austrumu da\u013c\u0101, ko gl\u0101sta mitras un siltas v\u0113smas, kalnu gr\u0113d\u0101, kuras virsotnes p\u0101rsniedz 2200 metrus. \u0160o kalnu augst\u0101kaj\u0101s nog\u0101z\u0113s aug arabikas kr\u016bmi, kas tika atvesti no Martinikas asto\u0146padsmitaj\u0101 gadsimt\u0101.<\/p>\n<p>100% arabikas kafijas aug\u013cu arom\u0101tiskais, valdzino\u0161ais un intens\u012bvais arom\u0101ts sniedz izcilas gar\u0161as baud\u012bjumu. Piln\u012bgs pies\u0101tin\u0101jums, neliels sk\u0101bums, sabalans\u0113ta un notur\u012bga gar\u0161a bez r\u016bgtuma.<\/p>\n<p>250 g bund\u017e\u0101.<\/p>\n<p>Kast\u0113 6 iepakojums.<\/p>\n<p>Roasted in Italy.<\/p>","protected":false},"excerpt":{"rendered":"<p>Ekskluz\u012bva Jamaikas 100% arabika malt\u0101 kafija, izcilas gar\u0161as baud\u012bjums. Skaist\u0101k\u0101 sala, kas jebkad ir redz\u0113ta, k\u0101 to defin\u0113jis Kristofers Kolumbs, Jamaika ir regeja m\u016bzikas zeme ar gar\u0101m balt\u0101m pludmal\u0113m, ta\u010du t\u0101 ir ar\u012b patiesi \u012bpa\u0161as kafijas zeme.<\/p>\n<p>Jamaikas &#8220;Blue Mountain&#8221;, ko sauc ar\u012b par \u201ckafijas kavi\u0101ru\u201d, ir viena no visaugst\u0101k nov\u0113rt\u0113taj\u0101m kafij\u0101m pasaul\u0113. T\u0101 aug &#8220;zilajos kalnos&#8221;, salas austrumu da\u013c\u0101, ko gl\u0101sta mitras un siltas v\u0113smas, kalnu gr\u0113d\u0101, kuras virsotnes p\u0101rsniedz 2200 metrus. \u0160o kalnu augst\u0101kaj\u0101s nog\u0101z\u0113s aug arabikas kr\u016bmi, kas tika atvesti no Martinikas asto\u0146padsmitaj\u0101 gadsimt\u0101.<\/p>\n<p>100% arabikas kafijas aug\u013cu arom\u0101tiskais, valdzino\u0161ais un intens\u012bvais arom\u0101ts sniedz izcilas gar\u0161as baud\u012bjumu. Piln\u012bgs pies\u0101tin\u0101jums, neliels sk\u0101bums, sabalans\u0113ta un notur\u012bga gar\u0161a bez r\u016bgtuma.<\/p>\n<p>250 g bund\u017e\u0101.<\/p>\n<p>Roasted in Italy.<\/p>","protected":false},"featured_media":4894,"comment_status":"closed","ping_status":"closed","template":"","meta":{"site-sidebar-layout":"default","site-content-layout":"default","ast-site-content-layout":"default","site-content-style":"default","site-sidebar-style":"default","ast-global-header-display":"","ast-banner-title-visibility":"","ast-main-header-display":"","ast-hfb-above-header-display":"","ast-hfb-below-header-display":"","ast-hfb-mobile-header-display":"","site-post-title":"","ast-breadcrumbs-content":"","ast-featured-img":"","footer-sml-layout":"","theme-transparent-header-meta":"default","adv-header-id-meta":"","stick-header-meta":"","header-above-stick-meta":"","header-main-stick-meta":"","header-below-stick-meta":"","astra-migrate-meta-layouts":"set","ast-page-background-enabled":"default","ast-page-background-meta":{"desktop":{"background-color":"var(--ast-global-color-4)","background-image":"","background-repeat":"repeat","background-position":"center center","background-size":"auto","background-attachment":"scroll","background-type":"","background-media":"","overlay-type":"","overlay-color":"","overlay-opacity":"","overlay-gradient":""},"tablet":{"background-color":"","background-image":"","background-repeat":"repeat","background-position":"center center","background-size":"auto","background-attachment":"scroll","background-type":"","background-media":"","overlay-type":"","overlay-color":"","overlay-opacity":"","overlay-gradient":""},"mobile":{"background-color":"","background-image":"","background-repeat":"repeat","background-position":"center center","background-size":"auto","background-attachment":"scroll","background-type":"","background-media":"","overlay-type":"","overlay-color":"","overlay-opacity":"","overlay-gradient":""}},"ast-content-background-meta":{"desktop":{"background-color":"var(--ast-global-color-5)","background-image":"","background-repeat":"repeat","background-position":"center center","background-size":"auto","background-attachment":"scroll","background-type":"","background-media":"","overlay-type":"","overlay-color":"","overlay-opacity":"","overlay-gradient":""},"tablet":{"background-color":"var(--ast-global-color-5)","background-image":"","background-repeat":"repeat","background-position":"center center","background-size":"auto","background-attachment":"scroll","background-type":"","background-media":"","overlay-type":"","overlay-color":"","overlay-opacity":"","overlay-gradient":""},"mobile":{"background-color":"var(--ast-global-color-5)","background-image":"","background-repeat":"repeat","background-position":"center center","background-size":"auto","background-attachment":"scroll","background-type":"","background-media":"","overlay-type":"","overlay-color":"","overlay-opacity":"","overlay-gradient":""}}},"product_brand":[],"product_cat":[28,54,39],"product_tag":[65,64],"class_list":{"0":"post-4893","1":"product","2":"type-product","3":"status-publish","4":"has-post-thumbnail","6":"product_cat-jamaikas-kafija","7":"product_cat-malta-kafija","8":"product_cat-speciala-kafija","9":"product_tag-jamaikas-kafija","10":"product_tag-kafija-no-jamaikas","11":"desktop-align-left","12":"tablet-align-left","13":"mobile-align-left","15":"first","16":"instock","17":"taxable","18":"shipping-taxable","19":"purchasable","20":"product-type-simple"},"_links":{"self":[{"href":"https:\/\/arabikakafija.lv\/en\/wp-json\/wp\/v2\/product\/4893","targetHints":{"allow":["GET"]}}],"collection":[{"href":"https:\/\/arabikakafija.lv\/en\/wp-json\/wp\/v2\/product"}],"about":[{"href":"https:\/\/arabikakafija.lv\/en\/wp-json\/wp\/v2\/types\/product"}],"replies":[{"embeddable":true,"href":"https:\/\/arabikakafija.lv\/en\/wp-json\/wp\/v2\/comments?post=4893"}],"version-history":[{"count":9,"href":"https:\/\/arabikakafija.lv\/en\/wp-json\/wp\/v2\/product\/4893\/revisions"}],"predecessor-version":[{"id":10248,"href":"https:\/\/arabikakafija.lv\/en\/wp-json\/wp\/v2\/product\/4893\/revisions\/10248"}],"wp:featuredmedia":[{"embeddable":true,"href":"https:\/\/arabikakafija.lv\/en\/wp-json\/wp\/v2\/media\/4894"}],"wp:attachment":[{"href":"https:\/\/arabikakafija.lv\/en\/wp-json\/wp\/v2\/media?parent=4893"}],"wp:term":[{"taxonomy":"product_brand","embeddable":true,"href":"https:\/\/arabikakafija.lv\/en\/wp-json\/wp\/v2\/product_brand?post=4893"},{"taxonomy":"product_cat","embeddable":true,"href":"https:\/\/arabikakafija.lv\/en\/wp-json\/wp\/v2\/product_cat?post=4893"},{"taxonomy":"product_tag","embeddable":true,"href":"https:\/\/arabikakafija.lv\/en\/wp-json\/wp\/v2\/product_tag?post=4893"}],"curies":[{"name":"wp","href":"https:\/\/api.w.org\/{rel}","templated":true}]}}