{"id":4781,"date":"2024-07-05T15:45:03","date_gmt":"2024-07-05T12:45:03","guid":{"rendered":"https:\/\/arabikakafija.lv\/?post_type=product&#038;p=4781"},"modified":"2026-03-27T10:00:20","modified_gmt":"2026-03-27T08:00:20","slug":"12x-250g-kafijas-pupinas-sumatra-100","status":"publish","type":"product","link":"https:\/\/arabikakafija.lv\/en\/product\/12x-250g-kafijas-pupinas-sumatra-100\/","title":{"rendered":"Coffee beans Sumatra(12x 250g), 100% arabica"},"content":{"rendered":"<p>Augst\u0101k\u0101s kvalit\u0101tes Sumatras kafijas pupi\u0146as, 100% Arabika.<\/p>\n<p>250g vakuuma iepakojum\u0101.<\/p>\n<p>12 packs per box.<\/p>\n<p>Made in Italy.<\/p>","protected":false},"excerpt":{"rendered":"<p>Top quality Sumatra coffee beans, 100% Arabica<\/p>\n<p>These coffee beans are sourced from monitored and certified organic <a href=\"https:\/\/arabikakafija.lv\/en\/fairtrade-sertifikacija-un-tas-nozime-kafijas\/\">\u201eFairtrade\u2019\u2019<\/a> farms.<\/p>\n<p>250g vacuum pack.<\/p>\n<p>12 packs per box.<\/p>\n<p>Made in Italy.<\/p>","protected":false},"featured_media":4782,"comment_status":"closed","ping_status":"closed","template":"","meta":{"site-sidebar-layout":"default","site-content-layout":"default","ast-site-content-layout":"default","site-content-style":"default","site-sidebar-style":"default","ast-global-header-display":"","ast-banner-title-visibility":"","ast-main-header-display":"","ast-hfb-above-header-display":"","ast-hfb-below-header-display":"","ast-hfb-mobile-header-display":"","site-post-title":"","ast-breadcrumbs-content":"","ast-featured-img":"","footer-sml-layout":"","theme-transparent-header-meta":"default","adv-header-id-meta":"","stick-header-meta":"","header-above-stick-meta":"","header-main-stick-meta":"","header-below-stick-meta":"","astra-migrate-meta-layouts":"set","ast-page-background-enabled":"default","ast-page-background-meta":{"desktop":{"background-color":"var(--ast-global-color-4)","background-image":"","background-repeat":"repeat","background-position":"center center","background-size":"auto","background-attachment":"scroll","background-type":"","background-media":"","overlay-type":"","overlay-color":"","overlay-opacity":"","overlay-gradient":""},"tablet":{"background-color":"","background-image":"","background-repeat":"repeat","background-position":"center center","background-size":"auto","background-attachment":"scroll","background-type":"","background-media":"","overlay-type":"","overlay-color":"","overlay-opacity":"","overlay-gradient":""},"mobile":{"background-color":"","background-image":"","background-repeat":"repeat","background-position":"center center","background-size":"auto","background-attachment":"scroll","background-type":"","background-media":"","overlay-type":"","overlay-color":"","overlay-opacity":"","overlay-gradient":""}},"ast-content-background-meta":{"desktop":{"background-color":"var(--ast-global-color-5)","background-image":"","background-repeat":"repeat","background-position":"center center","background-size":"auto","background-attachment":"scroll","background-type":"","background-media":"","overlay-type":"","overlay-color":"","overlay-opacity":"","overlay-gradient":""},"tablet":{"background-color":"var(--ast-global-color-5)","background-image":"","background-repeat":"repeat","background-position":"center center","background-size":"auto","background-attachment":"scroll","background-type":"","background-media":"","overlay-type":"","overlay-color":"","overlay-opacity":"","overlay-gradient":""},"mobile":{"background-color":"var(--ast-global-color-5)","background-image":"","background-repeat":"repeat","background-position":"center center","background-size":"auto","background-attachment":"scroll","background-type":"","background-media":"","overlay-type":"","overlay-color":"","overlay-opacity":"","overlay-gradient":""}}},"product_brand":[],"product_cat":[19,76,39,40],"product_tag":[80,79],"class_list":{"0":"post-4781","1":"product","2":"type-product","3":"status-publish","4":"has-post-thumbnail","6":"product_cat-kafijas-pupinas","7":"product_cat-biznes","8":"product_cat-speciala-kafija","9":"product_cat-sumatras-kafija","10":"product_tag-indonezija-kafija","11":"product_tag-sumatras-kafijas-pupinas","12":"desktop-align-left","13":"tablet-align-left","14":"mobile-align-left","16":"first","17":"instock","18":"sale","19":"taxable","20":"shipping-taxable","21":"purchasable","22":"product-type-simple"},"_links":{"self":[{"href":"https:\/\/arabikakafija.lv\/en\/wp-json\/wp\/v2\/product\/4781","targetHints":{"allow":["GET"]}}],"collection":[{"href":"https:\/\/arabikakafija.lv\/en\/wp-json\/wp\/v2\/product"}],"about":[{"href":"https:\/\/arabikakafija.lv\/en\/wp-json\/wp\/v2\/types\/product"}],"replies":[{"embeddable":true,"href":"https:\/\/arabikakafija.lv\/en\/wp-json\/wp\/v2\/comments?post=4781"}],"version-history":[{"count":6,"href":"https:\/\/arabikakafija.lv\/en\/wp-json\/wp\/v2\/product\/4781\/revisions"}],"predecessor-version":[{"id":9994,"href":"https:\/\/arabikakafija.lv\/en\/wp-json\/wp\/v2\/product\/4781\/revisions\/9994"}],"wp:featuredmedia":[{"embeddable":true,"href":"https:\/\/arabikakafija.lv\/en\/wp-json\/wp\/v2\/media\/4782"}],"wp:attachment":[{"href":"https:\/\/arabikakafija.lv\/en\/wp-json\/wp\/v2\/media?parent=4781"}],"wp:term":[{"taxonomy":"product_brand","embeddable":true,"href":"https:\/\/arabikakafija.lv\/en\/wp-json\/wp\/v2\/product_brand?post=4781"},{"taxonomy":"product_cat","embeddable":true,"href":"https:\/\/arabikakafija.lv\/en\/wp-json\/wp\/v2\/product_cat?post=4781"},{"taxonomy":"product_tag","embeddable":true,"href":"https:\/\/arabikakafija.lv\/en\/wp-json\/wp\/v2\/product_tag?post=4781"}],"curies":[{"name":"wp","href":"https:\/\/api.w.org\/{rel}","templated":true}]}}