{"id":4532,"date":"2024-07-04T16:21:26","date_gmt":"2024-07-04T13:21:26","guid":{"rendered":"https:\/\/arabikakafija.lv\/?post_type=product&#038;p=4532"},"modified":"2026-03-27T10:00:18","modified_gmt":"2026-03-27T08:00:18","slug":"10x-10gab-kafijas-kapsulas-corsini-india","status":"publish","type":"product","link":"https:\/\/arabikakafija.lv\/en\/product\/10x-10gab-kafijas-kapsulas-corsini-india\/","title":{"rendered":"Coffee capsules India 10x(10\u00d75.2g), 100% arabica"},"content":{"rendered":"<p>Indijas arabikas kafijas kapsulas ar pikant\u0101m sandalkoka not\u012bm. \u0160\u012b kafija n\u0101k no Keralas \u0161tata Indijas dienvidu krast\u0101, un t\u0101 ir lab\u0101k\u0101 Monsooned kafijas kvalit\u0101te. T\u0101ds nosaukums dots t\u0101d\u0113\u013c, ka p\u0113c nov\u0101k\u0161anas za\u013c\u0101s pupi\u0146as lietus sezon\u0101 da\u017eas ned\u0113\u013cas tiek pak\u013cautas musonu v\u0113jiem. \u0160is process samazina sk\u0101bumu un palielina saldumu, pie\u0161\u0137irot tai salmu dzeltenu kr\u0101su.<\/p>\n<p>Grauzd\u0113\u0161ana kop\u0101 ar apstr\u0101des metodi pie\u0161\u0137ir kafijai unik\u0101lu gar\u0161u, ar saldeni pikant\u0101m nians\u0113m.<\/p>\n<p>Pack of 10 espresso capsules, 5,2g each.<\/p>\n<p>Compatible with Citiz, Pixie, Essence, \"U\" , Lattissima, Nespresso, etc.<\/p>\n<p>10 packs per box.<\/p>\n<p>Roasted in Italy.<\/p>","protected":false},"excerpt":{"rendered":"<p>Top quality Indian 100% Arabica coffee capsules with spicy sandalwood notes. The roasting combined with the processing method gives the coffee a unique taste, with sweet and spicy notes.<\/p>\n<p>Pack of 10 espresso capsules, 5,2g each.<\/p>\n<p>Compatible with Citiz, Pixie, Essence, \"U\" , Lattissima, Nespresso, etc.<\/p>\n<p>10 packs per box.<\/p>\n<p>Roasted in Italy.<\/p>","protected":false},"featured_media":5043,"comment_status":"closed","ping_status":"closed","template":"","meta":{"site-sidebar-layout":"default","site-content-layout":"default","ast-site-content-layout":"default","site-content-style":"default","site-sidebar-style":"default","ast-global-header-display":"","ast-banner-title-visibility":"","ast-main-header-display":"","ast-hfb-above-header-display":"","ast-hfb-below-header-display":"","ast-hfb-mobile-header-display":"","site-post-title":"","ast-breadcrumbs-content":"","ast-featured-img":"","footer-sml-layout":"","theme-transparent-header-meta":"default","adv-header-id-meta":"","stick-header-meta":"","header-above-stick-meta":"","header-main-stick-meta":"","header-below-stick-meta":"","astra-migrate-meta-layouts":"set","ast-page-background-enabled":"default","ast-page-background-meta":{"desktop":{"background-color":"var(--ast-global-color-4)","background-image":"","background-repeat":"repeat","background-position":"center center","background-size":"auto","background-attachment":"scroll","background-type":"","background-media":"","overlay-type":"","overlay-color":"","overlay-opacity":"","overlay-gradient":""},"tablet":{"background-color":"","background-image":"","background-repeat":"repeat","background-position":"center center","background-size":"auto","background-attachment":"scroll","background-type":"","background-media":"","overlay-type":"","overlay-color":"","overlay-opacity":"","overlay-gradient":""},"mobile":{"background-color":"","background-image":"","background-repeat":"repeat","background-position":"center center","background-size":"auto","background-attachment":"scroll","background-type":"","background-media":"","overlay-type":"","overlay-color":"","overlay-opacity":"","overlay-gradient":""}},"ast-content-background-meta":{"desktop":{"background-color":"var(--ast-global-color-5)","background-image":"","background-repeat":"repeat","background-position":"center center","background-size":"auto","background-attachment":"scroll","background-type":"","background-media":"","overlay-type":"","overlay-color":"","overlay-opacity":"","overlay-gradient":""},"tablet":{"background-color":"var(--ast-global-color-5)","background-image":"","background-repeat":"repeat","background-position":"center center","background-size":"auto","background-attachment":"scroll","background-type":"","background-media":"","overlay-type":"","overlay-color":"","overlay-opacity":"","overlay-gradient":""},"mobile":{"background-color":"var(--ast-global-color-5)","background-image":"","background-repeat":"repeat","background-position":"center center","background-size":"auto","background-attachment":"scroll","background-type":"","background-media":"","overlay-type":"","overlay-color":"","overlay-opacity":"","overlay-gradient":""}}},"product_brand":[],"product_cat":[27,76,55],"product_tag":[68,63],"class_list":{"0":"post-4532","1":"product","2":"type-product","3":"status-publish","4":"has-post-thumbnail","6":"product_cat-indijas-kafija","7":"product_cat-biznes","8":"product_cat-kapsulas","9":"product_tag-indijas-kafija","10":"product_tag-kafijas-kapsulas","11":"desktop-align-left","12":"tablet-align-left","13":"mobile-align-left","15":"first","16":"instock","17":"sale","18":"taxable","19":"shipping-taxable","20":"purchasable","21":"product-type-simple"},"_links":{"self":[{"href":"https:\/\/arabikakafija.lv\/en\/wp-json\/wp\/v2\/product\/4532","targetHints":{"allow":["GET"]}}],"collection":[{"href":"https:\/\/arabikakafija.lv\/en\/wp-json\/wp\/v2\/product"}],"about":[{"href":"https:\/\/arabikakafija.lv\/en\/wp-json\/wp\/v2\/types\/product"}],"replies":[{"embeddable":true,"href":"https:\/\/arabikakafija.lv\/en\/wp-json\/wp\/v2\/comments?post=4532"}],"version-history":[{"count":10,"href":"https:\/\/arabikakafija.lv\/en\/wp-json\/wp\/v2\/product\/4532\/revisions"}],"predecessor-version":[{"id":10495,"href":"https:\/\/arabikakafija.lv\/en\/wp-json\/wp\/v2\/product\/4532\/revisions\/10495"}],"wp:featuredmedia":[{"embeddable":true,"href":"https:\/\/arabikakafija.lv\/en\/wp-json\/wp\/v2\/media\/5043"}],"wp:attachment":[{"href":"https:\/\/arabikakafija.lv\/en\/wp-json\/wp\/v2\/media?parent=4532"}],"wp:term":[{"taxonomy":"product_brand","embeddable":true,"href":"https:\/\/arabikakafija.lv\/en\/wp-json\/wp\/v2\/product_brand?post=4532"},{"taxonomy":"product_cat","embeddable":true,"href":"https:\/\/arabikakafija.lv\/en\/wp-json\/wp\/v2\/product_cat?post=4532"},{"taxonomy":"product_tag","embeddable":true,"href":"https:\/\/arabikakafija.lv\/en\/wp-json\/wp\/v2\/product_tag?post=4532"}],"curies":[{"name":"wp","href":"https:\/\/api.w.org\/{rel}","templated":true}]}}