{"id":4244,"date":"2024-07-02T08:41:17","date_gmt":"2024-07-02T05:41:17","guid":{"rendered":"https:\/\/arabikakafija.lv\/?post_type=product&#038;p=4244"},"modified":"2026-04-09T15:27:09","modified_gmt":"2026-04-09T12:27:09","slug":"kafijas-pupinas-corsini-ethiopia-100-arabika-250g","status":"publish","type":"product","link":"https:\/\/arabikakafija.lv\/en\/product\/kafijas-pupinas-corsini-ethiopia-100-arabika-250g\/","title":{"rendered":"Coffee beans Ethiopia, 250g, 100% arabica"},"content":{"rendered":"<p>Etiopijas 100% arabika kafijas pupi\u0146as. Etiopija ir kafijas izcelsmes valsts un vien\u012bg\u0101 valsts pasaul\u0113, kur kafijas augi aug savva\u013c\u0101. Harenas me\u017es, viens no liel\u0101kajiem Etiopijas me\u017eiem, atrodas B\u0101les Nacion\u0101laj\u0101 park\u0101, 350 kilometrus uz dienvidiem no galvaspils\u0113tas Adisabebas. Aptuveni 1,800 metru augstum\u0101, arabika kafija aug savva\u013c\u0101 \u0113nain\u0101s vietas zem kokiem. Harenna Wild Coffee Presidium iesaista 60 \u0123imenes, veicina pieg\u0101des \u0137\u0113des sa\u012bsin\u0101\u0161anu, kvalit\u0101tes un zemes aizsardz\u012bbu, nodro\u0161ina cie\u0146u un god\u012bgu atzin\u012bbu pret iesaist\u012btajiem cilv\u0113kiem. Grauz\u0113\u0161anas veids, apvienojot ar kafijas izcelsmi, pie\u0161\u0137ir pupi\u0146\u0101m augstu arom\u0101tu ar citrusaug\u013cu, ziedu un z\u0101\u013cu not\u012bm. Vid\u0113ja pies\u0101tin\u0101t\u012bba ar pat\u012bkamu vani\u013cas p\u0113cgar\u0161u.<\/p>\n<p>250 g pack.<\/p>\n<p>12 packs per box.<\/p>\n<p>Made in Italy.<\/p>","protected":false},"excerpt":{"rendered":"<p>Top quality Ethiopian coffee beans , 100% Arabica<\/p>\n<p>250g vacuum pack.<\/p>\n<p>12 packs per box.<\/p>\n<p>Made in Italy.<\/p>","protected":false},"featured_media":5241,"comment_status":"closed","ping_status":"closed","template":"","meta":{"site-sidebar-layout":"default","site-content-layout":"","ast-site-content-layout":"default","site-content-style":"default","site-sidebar-style":"default","ast-global-header-display":"","ast-banner-title-visibility":"","ast-main-header-display":"","ast-hfb-above-header-display":"","ast-hfb-below-header-display":"","ast-hfb-mobile-header-display":"","site-post-title":"","ast-breadcrumbs-content":"","ast-featured-img":"","footer-sml-layout":"","theme-transparent-header-meta":"default","adv-header-id-meta":"","stick-header-meta":"","header-above-stick-meta":"","header-main-stick-meta":"","header-below-stick-meta":"","astra-migrate-meta-layouts":"set","ast-page-background-enabled":"default","ast-page-background-meta":{"desktop":{"background-color":"var(--ast-global-color-4)","background-image":"","background-repeat":"repeat","background-position":"center center","background-size":"auto","background-attachment":"scroll","background-type":"","background-media":"","overlay-type":"","overlay-color":"","overlay-opacity":"","overlay-gradient":""},"tablet":{"background-color":"","background-image":"","background-repeat":"repeat","background-position":"center center","background-size":"auto","background-attachment":"scroll","background-type":"","background-media":"","overlay-type":"","overlay-color":"","overlay-opacity":"","overlay-gradient":""},"mobile":{"background-color":"","background-image":"","background-repeat":"repeat","background-position":"center center","background-size":"auto","background-attachment":"scroll","background-type":"","background-media":"","overlay-type":"","overlay-color":"","overlay-opacity":"","overlay-gradient":""}},"ast-content-background-meta":{"desktop":{"background-color":"var(--ast-global-color-5)","background-image":"","background-repeat":"repeat","background-position":"center center","background-size":"auto","background-attachment":"scroll","background-type":"","background-media":"","overlay-type":"","overlay-color":"","overlay-opacity":"","overlay-gradient":""},"tablet":{"background-color":"var(--ast-global-color-5)","background-image":"","background-repeat":"repeat","background-position":"center center","background-size":"auto","background-attachment":"scroll","background-type":"","background-media":"","overlay-type":"","overlay-color":"","overlay-opacity":"","overlay-gradient":""},"mobile":{"background-color":"var(--ast-global-color-5)","background-image":"","background-repeat":"repeat","background-position":"center center","background-size":"auto","background-attachment":"scroll","background-type":"","background-media":"","overlay-type":"","overlay-color":"","overlay-opacity":"","overlay-gradient":""}}},"product_brand":[],"product_cat":[19,25],"product_tag":[86,87],"class_list":{"0":"post-4244","1":"product","2":"type-product","3":"status-publish","4":"has-post-thumbnail","6":"product_cat-kafijas-pupinas","7":"product_cat-etiopijas-kafija","8":"product_tag-etiopija","9":"product_tag-etiopijas-kafijas-pupinas","10":"desktop-align-left","11":"tablet-align-left","12":"mobile-align-left","14":"first","15":"instock","16":"taxable","17":"shipping-taxable","18":"purchasable","19":"product-type-simple"},"_links":{"self":[{"href":"https:\/\/arabikakafija.lv\/en\/wp-json\/wp\/v2\/product\/4244","targetHints":{"allow":["GET"]}}],"collection":[{"href":"https:\/\/arabikakafija.lv\/en\/wp-json\/wp\/v2\/product"}],"about":[{"href":"https:\/\/arabikakafija.lv\/en\/wp-json\/wp\/v2\/types\/product"}],"replies":[{"embeddable":true,"href":"https:\/\/arabikakafija.lv\/en\/wp-json\/wp\/v2\/comments?post=4244"}],"version-history":[{"count":10,"href":"https:\/\/arabikakafija.lv\/en\/wp-json\/wp\/v2\/product\/4244\/revisions"}],"predecessor-version":[{"id":11228,"href":"https:\/\/arabikakafija.lv\/en\/wp-json\/wp\/v2\/product\/4244\/revisions\/11228"}],"wp:featuredmedia":[{"embeddable":true,"href":"https:\/\/arabikakafija.lv\/en\/wp-json\/wp\/v2\/media\/5241"}],"wp:attachment":[{"href":"https:\/\/arabikakafija.lv\/en\/wp-json\/wp\/v2\/media?parent=4244"}],"wp:term":[{"taxonomy":"product_brand","embeddable":true,"href":"https:\/\/arabikakafija.lv\/en\/wp-json\/wp\/v2\/product_brand?post=4244"},{"taxonomy":"product_cat","embeddable":true,"href":"https:\/\/arabikakafija.lv\/en\/wp-json\/wp\/v2\/product_cat?post=4244"},{"taxonomy":"product_tag","embeddable":true,"href":"https:\/\/arabikakafija.lv\/en\/wp-json\/wp\/v2\/product_tag?post=4244"}],"curies":[{"name":"wp","href":"https:\/\/api.w.org\/{rel}","templated":true}]}}