{"id":4238,"date":"2024-07-02T08:25:52","date_gmt":"2024-07-02T05:25:52","guid":{"rendered":"https:\/\/arabikakafija.lv\/?post_type=product&#038;p=4238"},"modified":"2026-04-20T17:02:30","modified_gmt":"2026-04-20T14:02:30","slug":"kafijas-pupinas-corsini-costa-rica-100-2","status":"publish","type":"product","link":"https:\/\/arabikakafija.lv\/en\/product\/kafijas-pupinas-corsini-costa-rica-100-2\/","title":{"rendered":"<b><i>Pre-order <\/b><\/i>  Coffee beans Costa Rica, 250g, 100% arabica"},"content":{"rendered":"<p>Augst\u0101k\u0101s kvalit\u0101tes Kostarikas kafijas pupi\u0146as , 100% Arabika<\/p>\n<p>250g vacuum pack.<\/p>\n<p>12 packs per box.<\/p>\n<p>Made in Italy.<\/p>\n<p><strong>Iepriek\u0161pas\u016bt\u012bjums\u00a0\u2013 \u0161\u012b prece tiek pieg\u0101d\u0101ta aptuveni 30 darba dienu laik\u0101 p\u0113c pas\u016bt\u012bjuma apstiprin\u0101\u0161anas.<\/strong><br \/>\n<strong>Jaut\u0101jumu gad\u012bjum\u0101 rakstiet: info@araikakafija.lv<\/strong><\/p>","protected":false},"excerpt":{"rendered":"<p>Coffee beans Costa Rican, 100% Arabica<\/p>\n<p>250g vacuum pack.<\/p>\n<p>12 packs per box.<\/p>\n<p>Made in Italy.<\/p>","protected":false},"featured_media":5244,"comment_status":"closed","ping_status":"closed","template":"","meta":{"site-sidebar-layout":"default","site-content-layout":"","ast-site-content-layout":"default","site-content-style":"default","site-sidebar-style":"default","ast-global-header-display":"","ast-banner-title-visibility":"","ast-main-header-display":"","ast-hfb-above-header-display":"","ast-hfb-below-header-display":"","ast-hfb-mobile-header-display":"","site-post-title":"","ast-breadcrumbs-content":"","ast-featured-img":"","footer-sml-layout":"","theme-transparent-header-meta":"default","adv-header-id-meta":"","stick-header-meta":"","header-above-stick-meta":"","header-main-stick-meta":"","header-below-stick-meta":"","astra-migrate-meta-layouts":"set","ast-page-background-enabled":"default","ast-page-background-meta":{"desktop":{"background-color":"var(--ast-global-color-4)","background-image":"","background-repeat":"repeat","background-position":"center center","background-size":"auto","background-attachment":"scroll","background-type":"","background-media":"","overlay-type":"","overlay-color":"","overlay-opacity":"","overlay-gradient":""},"tablet":{"background-color":"","background-image":"","background-repeat":"repeat","background-position":"center center","background-size":"auto","background-attachment":"scroll","background-type":"","background-media":"","overlay-type":"","overlay-color":"","overlay-opacity":"","overlay-gradient":""},"mobile":{"background-color":"","background-image":"","background-repeat":"repeat","background-position":"center center","background-size":"auto","background-attachment":"scroll","background-type":"","background-media":"","overlay-type":"","overlay-color":"","overlay-opacity":"","overlay-gradient":""}},"ast-content-background-meta":{"desktop":{"background-color":"var(--ast-global-color-5)","background-image":"","background-repeat":"repeat","background-position":"center center","background-size":"auto","background-attachment":"scroll","background-type":"","background-media":"","overlay-type":"","overlay-color":"","overlay-opacity":"","overlay-gradient":""},"tablet":{"background-color":"var(--ast-global-color-5)","background-image":"","background-repeat":"repeat","background-position":"center center","background-size":"auto","background-attachment":"scroll","background-type":"","background-media":"","overlay-type":"","overlay-color":"","overlay-opacity":"","overlay-gradient":""},"mobile":{"background-color":"var(--ast-global-color-5)","background-image":"","background-repeat":"repeat","background-position":"center center","background-size":"auto","background-attachment":"scroll","background-type":"","background-media":"","overlay-type":"","overlay-color":"","overlay-opacity":"","overlay-gradient":""}}},"product_brand":[],"product_cat":[19,33],"product_tag":[83,84],"class_list":{"0":"post-4238","1":"product","2":"type-product","3":"status-publish","4":"has-post-thumbnail","6":"product_cat-kafijas-pupinas","7":"product_cat-kostarikas-kafija","8":"product_tag-kostarika","9":"product_tag-kostarikas-kafijas-pupinas","10":"desktop-align-left","11":"tablet-align-left","12":"mobile-align-left","14":"first","15":"instock","16":"taxable","17":"shipping-taxable","18":"purchasable","19":"product-type-simple"},"_links":{"self":[{"href":"https:\/\/arabikakafija.lv\/en\/wp-json\/wp\/v2\/product\/4238","targetHints":{"allow":["GET"]}}],"collection":[{"href":"https:\/\/arabikakafija.lv\/en\/wp-json\/wp\/v2\/product"}],"about":[{"href":"https:\/\/arabikakafija.lv\/en\/wp-json\/wp\/v2\/types\/product"}],"replies":[{"embeddable":true,"href":"https:\/\/arabikakafija.lv\/en\/wp-json\/wp\/v2\/comments?post=4238"}],"version-history":[{"count":11,"href":"https:\/\/arabikakafija.lv\/en\/wp-json\/wp\/v2\/product\/4238\/revisions"}],"predecessor-version":[{"id":11347,"href":"https:\/\/arabikakafija.lv\/en\/wp-json\/wp\/v2\/product\/4238\/revisions\/11347"}],"wp:featuredmedia":[{"embeddable":true,"href":"https:\/\/arabikakafija.lv\/en\/wp-json\/wp\/v2\/media\/5244"}],"wp:attachment":[{"href":"https:\/\/arabikakafija.lv\/en\/wp-json\/wp\/v2\/media?parent=4238"}],"wp:term":[{"taxonomy":"product_brand","embeddable":true,"href":"https:\/\/arabikakafija.lv\/en\/wp-json\/wp\/v2\/product_brand?post=4238"},{"taxonomy":"product_cat","embeddable":true,"href":"https:\/\/arabikakafija.lv\/en\/wp-json\/wp\/v2\/product_cat?post=4238"},{"taxonomy":"product_tag","embeddable":true,"href":"https:\/\/arabikakafija.lv\/en\/wp-json\/wp\/v2\/product_tag?post=4238"}],"curies":[{"name":"wp","href":"https:\/\/api.w.org\/{rel}","templated":true}]}}