{"id":4215,"date":"2024-07-01T15:31:26","date_gmt":"2024-07-01T12:31:26","guid":{"rendered":"https:\/\/arabikakafija.lv\/?post_type=product&#038;p=4215"},"modified":"2026-04-20T17:02:30","modified_gmt":"2026-04-20T14:02:30","slug":"kafijas-pupinas-sumatra-100-arabica-250-g","status":"publish","type":"product","link":"https:\/\/arabikakafija.lv\/en\/product\/kafijas-pupinas-sumatra-100-arabica-250-g\/","title":{"rendered":"Coffee beans Sumatra, 250g, 100% arabica"},"content":{"rendered":"<p>Augst\u0101k\u0101s kvalit\u0101tes Sumatras kafijas pupi\u0146as, 100% Arabika, Fairtrade kafija.<\/p>\n<p>250g vakuuma iepakojum\u0101.<\/p>\n<p>12 packs per box.<\/p>\n<p>Made in Italy.<\/p>","protected":false},"excerpt":{"rendered":"<p>Augst\u0101k\u0101s kvalit\u0101tes Sumatras kafijas pupi\u0146as, 100% Arabika, Fairtrade kafija<\/p>\n<p>These coffee beans are sourced from monitored and certified organic <a href=\"https:\/\/arabikakafija.lv\/en\/fairtrade-sertifikacija-un-tas-nozime-kafijas\/\">\u201eFairtrade\u2019\u2019<\/a> farms.<\/p>\n<p>250g vacuum pack.<\/p>\n<p>12 packs per box.<\/p>\n<p>Made in Italy.<\/p>","protected":false},"featured_media":5336,"comment_status":"closed","ping_status":"closed","template":"","meta":{"site-sidebar-layout":"default","site-content-layout":"","ast-site-content-layout":"default","site-content-style":"default","site-sidebar-style":"default","ast-global-header-display":"","ast-banner-title-visibility":"","ast-main-header-display":"","ast-hfb-above-header-display":"","ast-hfb-below-header-display":"","ast-hfb-mobile-header-display":"","site-post-title":"","ast-breadcrumbs-content":"","ast-featured-img":"","footer-sml-layout":"","theme-transparent-header-meta":"default","adv-header-id-meta":"","stick-header-meta":"","header-above-stick-meta":"","header-main-stick-meta":"","header-below-stick-meta":"","astra-migrate-meta-layouts":"set","ast-page-background-enabled":"default","ast-page-background-meta":{"desktop":{"background-color":"var(--ast-global-color-4)","background-image":"","background-repeat":"repeat","background-position":"center center","background-size":"auto","background-attachment":"scroll","background-type":"","background-media":"","overlay-type":"","overlay-color":"","overlay-opacity":"","overlay-gradient":""},"tablet":{"background-color":"","background-image":"","background-repeat":"repeat","background-position":"center center","background-size":"auto","background-attachment":"scroll","background-type":"","background-media":"","overlay-type":"","overlay-color":"","overlay-opacity":"","overlay-gradient":""},"mobile":{"background-color":"","background-image":"","background-repeat":"repeat","background-position":"center center","background-size":"auto","background-attachment":"scroll","background-type":"","background-media":"","overlay-type":"","overlay-color":"","overlay-opacity":"","overlay-gradient":""}},"ast-content-background-meta":{"desktop":{"background-color":"var(--ast-global-color-5)","background-image":"","background-repeat":"repeat","background-position":"center center","background-size":"auto","background-attachment":"scroll","background-type":"","background-media":"","overlay-type":"","overlay-color":"","overlay-opacity":"","overlay-gradient":""},"tablet":{"background-color":"var(--ast-global-color-5)","background-image":"","background-repeat":"repeat","background-position":"center center","background-size":"auto","background-attachment":"scroll","background-type":"","background-media":"","overlay-type":"","overlay-color":"","overlay-opacity":"","overlay-gradient":""},"mobile":{"background-color":"var(--ast-global-color-5)","background-image":"","background-repeat":"repeat","background-position":"center center","background-size":"auto","background-attachment":"scroll","background-type":"","background-media":"","overlay-type":"","overlay-color":"","overlay-opacity":"","overlay-gradient":""}}},"product_brand":[],"product_cat":[19,39,40],"product_tag":[80,79],"class_list":{"0":"post-4215","1":"product","2":"type-product","3":"status-publish","4":"has-post-thumbnail","6":"product_cat-kafijas-pupinas","7":"product_cat-speciala-kafija","8":"product_cat-sumatras-kafija","9":"product_tag-indonezija-kafija","10":"product_tag-sumatras-kafijas-pupinas","11":"desktop-align-left","12":"tablet-align-left","13":"mobile-align-left","15":"first","16":"instock","17":"taxable","18":"shipping-taxable","19":"purchasable","20":"product-type-simple"},"_links":{"self":[{"href":"https:\/\/arabikakafija.lv\/en\/wp-json\/wp\/v2\/product\/4215","targetHints":{"allow":["GET"]}}],"collection":[{"href":"https:\/\/arabikakafija.lv\/en\/wp-json\/wp\/v2\/product"}],"about":[{"href":"https:\/\/arabikakafija.lv\/en\/wp-json\/wp\/v2\/types\/product"}],"replies":[{"embeddable":true,"href":"https:\/\/arabikakafija.lv\/en\/wp-json\/wp\/v2\/comments?post=4215"}],"version-history":[{"count":8,"href":"https:\/\/arabikakafija.lv\/en\/wp-json\/wp\/v2\/product\/4215\/revisions"}],"predecessor-version":[{"id":11330,"href":"https:\/\/arabikakafija.lv\/en\/wp-json\/wp\/v2\/product\/4215\/revisions\/11330"}],"wp:featuredmedia":[{"embeddable":true,"href":"https:\/\/arabikakafija.lv\/en\/wp-json\/wp\/v2\/media\/5336"}],"wp:attachment":[{"href":"https:\/\/arabikakafija.lv\/en\/wp-json\/wp\/v2\/media?parent=4215"}],"wp:term":[{"taxonomy":"product_brand","embeddable":true,"href":"https:\/\/arabikakafija.lv\/en\/wp-json\/wp\/v2\/product_brand?post=4215"},{"taxonomy":"product_cat","embeddable":true,"href":"https:\/\/arabikakafija.lv\/en\/wp-json\/wp\/v2\/product_cat?post=4215"},{"taxonomy":"product_tag","embeddable":true,"href":"https:\/\/arabikakafija.lv\/en\/wp-json\/wp\/v2\/product_tag?post=4215"}],"curies":[{"name":"wp","href":"https:\/\/api.w.org\/{rel}","templated":true}]}}