{"id":3726,"date":"2024-03-11T16:02:50","date_gmt":"2024-03-11T14:02:50","guid":{"rendered":"https:\/\/arabikakafija.lv\/?post_type=product&#038;p=3726"},"modified":"2026-04-20T17:02:30","modified_gmt":"2026-04-20T14:02:30","slug":"bambusa-skiedras-kruze-ar-silikona-vacinu","status":"publish","type":"product","link":"https:\/\/arabikakafija.lv\/en\/product\/bambusa-skiedras-kruze-ar-silikona-vacinu\/","title":{"rendered":"Bamboo cup with silicone lid, 400ml"},"content":{"rendered":"<p>Vair\u0101kk\u0101rt lietojama bambusa \u0161\u0137iedras kr\u016bze, kas ir izgatavota no biolo\u0123iski no\u0101rd\u0101miem un atjaunojamiem materi\u0101liem, t\u0101dej\u0101di pal\u012bdz samazin\u0101t vienreiz lietojam\u0101s plastmasas izmanto\u0161anu. T\u0101s iztur\u012bba un ilgm\u016b\u017e\u012bba padara to par videi draudz\u012bgu izv\u0113li, lai baud\u012btu malt\u012btes, vienlaikus r\u016bp\u0113joties par vidi. Kr\u016bzei ir silikona v\u0101ci\u0146\u0161, kas nodro\u0161ina dro\u0161u un herm\u0113tisku aizv\u0113r\u0161anu, k\u0101 ar\u012b nesl\u012bdo\u0161a silikona josla, kas nodro\u0161ina \u0113rtu kr\u016bzes tur\u0113\u0161anu, k\u0101 ar\u012b \u013cauj p\u0101rn\u0113s\u0101t karstus \u0161\u0137idrumus neapdedzinoties.<\/p>\n<p>Kr\u016bzi var mazg\u0101t trauku mazg\u0101jam\u0101 ma\u0161\u012bn\u0101.<\/p>\n<p>Nav piem\u0113rota sild\u012b\u0161anai mikrovi\u013c\u0146u kr\u0101sn\u012b.<\/p>\n<p>Tilpums: 400ml<\/p>","protected":false},"excerpt":{"rendered":"<p>Vair\u0101kk\u0101rt lietojama bambusa \u0161\u0137iedras ce\u013cojuma kr\u016bze, kas ir izgatavota no biolo\u0123iski no\u0101rd\u0101miem un atjaunojamiem materi\u0101liem. Kr\u016bzei ir silikona v\u0101ci\u0146\u0161 un nesl\u012bdo\u0161a silikona josla, kas nodro\u0161ina \u0113rtu kr\u016bzes tur\u0113\u0161anu, k\u0101 ar\u012b \u013cauj p\u0101rn\u0113s\u0101t karstus \u0161\u0137idrumus neapdedzinoties.<\/p>\n<p>Kr\u016bzi var mazg\u0101t trauku mazg\u0101jam\u0101 ma\u0161\u012bn\u0101.<\/p>\n<p>Nav piem\u0113rota sild\u012b\u0161anai mikrovi\u013c\u0146u kr\u0101sn\u012b.<\/p>","protected":false},"featured_media":3727,"comment_status":"open","ping_status":"closed","template":"","meta":{"site-sidebar-layout":"default","site-content-layout":"default","ast-site-content-layout":"default","site-content-style":"default","site-sidebar-style":"default","ast-global-header-display":"","ast-banner-title-visibility":"","ast-main-header-display":"","ast-hfb-above-header-display":"","ast-hfb-below-header-display":"","ast-hfb-mobile-header-display":"","site-post-title":"","ast-breadcrumbs-content":"","ast-featured-img":"","footer-sml-layout":"","theme-transparent-header-meta":"default","adv-header-id-meta":"","stick-header-meta":"","header-above-stick-meta":"","header-main-stick-meta":"","header-below-stick-meta":"","astra-migrate-meta-layouts":"set","ast-page-background-enabled":"default","ast-page-background-meta":{"desktop":{"background-color":"var(--ast-global-color-4)","background-image":"","background-repeat":"repeat","background-position":"center center","background-size":"auto","background-attachment":"scroll","background-type":"","background-media":"","overlay-type":"","overlay-color":"","overlay-opacity":"","overlay-gradient":""},"tablet":{"background-color":"","background-image":"","background-repeat":"repeat","background-position":"center center","background-size":"auto","background-attachment":"scroll","background-type":"","background-media":"","overlay-type":"","overlay-color":"","overlay-opacity":"","overlay-gradient":""},"mobile":{"background-color":"","background-image":"","background-repeat":"repeat","background-position":"center center","background-size":"auto","background-attachment":"scroll","background-type":"","background-media":"","overlay-type":"","overlay-color":"","overlay-opacity":"","overlay-gradient":""}},"ast-content-background-meta":{"desktop":{"background-color":"var(--ast-global-color-5)","background-image":"","background-repeat":"repeat","background-position":"center center","background-size":"auto","background-attachment":"scroll","background-type":"","background-media":"","overlay-type":"","overlay-color":"","overlay-opacity":"","overlay-gradient":""},"tablet":{"background-color":"var(--ast-global-color-5)","background-image":"","background-repeat":"repeat","background-position":"center center","background-size":"auto","background-attachment":"scroll","background-type":"","background-media":"","overlay-type":"","overlay-color":"","overlay-opacity":"","overlay-gradient":""},"mobile":{"background-color":"var(--ast-global-color-5)","background-image":"","background-repeat":"repeat","background-position":"center center","background-size":"auto","background-attachment":"scroll","background-type":"","background-media":"","overlay-type":"","overlay-color":"","overlay-opacity":"","overlay-gradient":""}}},"product_brand":[],"product_cat":[56],"product_tag":[60,58,57,59],"class_list":{"0":"post-3726","1":"product","2":"type-product","3":"status-publish","4":"has-post-thumbnail","6":"product_cat-bruvriki","7":"product_tag-atkartoti-lietojama-kruze","8":"product_tag-celojumu-kruze","9":"product_tag-kafijas-kruze","10":"product_tag-kruze-lidznemsanai","11":"desktop-align-left","12":"tablet-align-left","13":"mobile-align-left","15":"first","16":"instock","17":"taxable","18":"shipping-taxable","19":"purchasable","20":"product-type-simple"},"_links":{"self":[{"href":"https:\/\/arabikakafija.lv\/en\/wp-json\/wp\/v2\/product\/3726","targetHints":{"allow":["GET"]}}],"collection":[{"href":"https:\/\/arabikakafija.lv\/en\/wp-json\/wp\/v2\/product"}],"about":[{"href":"https:\/\/arabikakafija.lv\/en\/wp-json\/wp\/v2\/types\/product"}],"replies":[{"embeddable":true,"href":"https:\/\/arabikakafija.lv\/en\/wp-json\/wp\/v2\/comments?post=3726"}],"version-history":[{"count":3,"href":"https:\/\/arabikakafija.lv\/en\/wp-json\/wp\/v2\/product\/3726\/revisions"}],"predecessor-version":[{"id":6432,"href":"https:\/\/arabikakafija.lv\/en\/wp-json\/wp\/v2\/product\/3726\/revisions\/6432"}],"wp:featuredmedia":[{"embeddable":true,"href":"https:\/\/arabikakafija.lv\/en\/wp-json\/wp\/v2\/media\/3727"}],"wp:attachment":[{"href":"https:\/\/arabikakafija.lv\/en\/wp-json\/wp\/v2\/media?parent=3726"}],"wp:term":[{"taxonomy":"product_brand","embeddable":true,"href":"https:\/\/arabikakafija.lv\/en\/wp-json\/wp\/v2\/product_brand?post=3726"},{"taxonomy":"product_cat","embeddable":true,"href":"https:\/\/arabikakafija.lv\/en\/wp-json\/wp\/v2\/product_cat?post=3726"},{"taxonomy":"product_tag","embeddable":true,"href":"https:\/\/arabikakafija.lv\/en\/wp-json\/wp\/v2\/product_tag?post=3726"}],"curies":[{"name":"wp","href":"https:\/\/api.w.org\/{rel}","templated":true}]}}