{"id":3415,"date":"2023-02-03T11:19:00","date_gmt":"2023-02-03T09:19:00","guid":{"rendered":"https:\/\/arabikakafija.lv\/?post_type=product&#038;p=3415"},"modified":"2026-04-09T15:27:08","modified_gmt":"2026-04-09T12:27:08","slug":"kafijas-pupinas-corsini-guatemala-100-arabika-250g","status":"publish","type":"product","link":"https:\/\/arabikakafija.lv\/en\/product\/kafijas-pupinas-corsini-guatemala-100-arabika-250g\/","title":{"rendered":"Coffee beans Guatemala, 250g, 100% arabica"},"content":{"rendered":"<p>Gvatemalas 100% arabika kafijas pupi\u0146as. Huehuetenango ir Zieme\u013crietumu Gvatemalas re\u0123ions pie Meksikas robe\u017eas, kas izce\u013cas ar savu reljefu, kas sv\u0101rst\u0101s no 850 l\u012bdz 3 700 metriem. Tas rada \u012bpa\u0161i daudzveid\u012bgus ekosist\u0113mas apst\u0101k\u013cus &#8211; no subtropu lietus me\u017eiem l\u012bdz prie\u017eu me\u017eiem. Kafija tiek audz\u0113ta Cuchumatanes pak\u0101j\u0113, kas ir augst\u0101kais nevulk\u0101niskais kalnu mas\u012bvs Centr\u0101lamerik\u0101, Huehuetenango ir viena no lab\u0101kaj\u0101m kafijas audz\u0113\u0161anas viet\u0101m valst\u012b. \u0160aj\u0101 re\u0123ion\u0101 ir da\u017e\u0101das kafijas audz\u0113\u0161anas zonas (cru), kuras katr\u0101 at\u0161\u0137iras atkar\u012bb\u0101 no ieleju morfolo\u0123ijas un mikroklimata, kur atrodas projekt\u0101 iesaist\u012bt\u0101s kopienas.<\/p>\n<p>Huehuetenango kafijas rakstur\u012bg\u0101s \u012bpa\u0161\u012bbas ietver gar\u0161as pies\u0101tin\u0101jumu un labu sk\u0101bumu. Tas nodro\u0161ina izsme\u013co\u0161i sabalans\u0113tu un arom\u0101tisku kafijas tasi ar ziedu, citrusaug\u013cu un \u0161okol\u0101des not\u012bm.<\/p>\n<p>250 g pack.<\/p>\n<p>12 packs per box.<\/p>\n<p>Roasted in Italy.<\/p>","protected":false},"excerpt":{"rendered":"<p>Top quality Guatemalan 100% Arabica coffee beans with a balanced and aromatic flavour, as well as floral, citrus and chocolate notes.<\/p>\n<p>250 g pack.<\/p>\n<p>12 packs per box.<\/p>\n<p>Roasted in Italy.<\/p>\n<p><strong>Ieteicams l\u012bdz<\/strong>: 09.04.2026<\/p>","protected":false},"featured_media":10691,"comment_status":"closed","ping_status":"closed","template":"","meta":{"site-sidebar-layout":"default","site-content-layout":"default","ast-site-content-layout":"default","site-content-style":"default","site-sidebar-style":"default","ast-global-header-display":"","ast-banner-title-visibility":"","ast-main-header-display":"","ast-hfb-above-header-display":"","ast-hfb-below-header-display":"","ast-hfb-mobile-header-display":"","site-post-title":"","ast-breadcrumbs-content":"","ast-featured-img":"","footer-sml-layout":"","theme-transparent-header-meta":"default","adv-header-id-meta":"","stick-header-meta":"","header-above-stick-meta":"","header-main-stick-meta":"","header-below-stick-meta":"","astra-migrate-meta-layouts":"set","ast-page-background-enabled":"default","ast-page-background-meta":{"desktop":{"background-color":"var(--ast-global-color-4)","background-image":"","background-repeat":"repeat","background-position":"center center","background-size":"auto","background-attachment":"scroll","background-type":"","background-media":"","overlay-type":"","overlay-color":"","overlay-opacity":"","overlay-gradient":""},"tablet":{"background-color":"","background-image":"","background-repeat":"repeat","background-position":"center center","background-size":"auto","background-attachment":"scroll","background-type":"","background-media":"","overlay-type":"","overlay-color":"","overlay-opacity":"","overlay-gradient":""},"mobile":{"background-color":"","background-image":"","background-repeat":"repeat","background-position":"center center","background-size":"auto","background-attachment":"scroll","background-type":"","background-media":"","overlay-type":"","overlay-color":"","overlay-opacity":"","overlay-gradient":""}},"ast-content-background-meta":{"desktop":{"background-color":"var(--ast-global-color-5)","background-image":"","background-repeat":"repeat","background-position":"center center","background-size":"auto","background-attachment":"scroll","background-type":"","background-media":"","overlay-type":"","overlay-color":"","overlay-opacity":"","overlay-gradient":""},"tablet":{"background-color":"var(--ast-global-color-5)","background-image":"","background-repeat":"repeat","background-position":"center center","background-size":"auto","background-attachment":"scroll","background-type":"","background-media":"","overlay-type":"","overlay-color":"","overlay-opacity":"","overlay-gradient":""},"mobile":{"background-color":"var(--ast-global-color-5)","background-image":"","background-repeat":"repeat","background-position":"center center","background-size":"auto","background-attachment":"scroll","background-type":"","background-media":"","overlay-type":"","overlay-color":"","overlay-opacity":"","overlay-gradient":""}}},"product_brand":[],"product_cat":[26,19],"product_tag":[66],"class_list":{"0":"post-3415","1":"product","2":"type-product","3":"status-publish","4":"has-post-thumbnail","6":"product_cat-gvatemalas-kafija","7":"product_cat-kafijas-pupinas","8":"product_tag-gvatemalas-kafijas-pupinas","9":"desktop-align-left","10":"tablet-align-left","11":"mobile-align-left","13":"first","14":"instock","15":"sale","16":"taxable","17":"shipping-taxable","18":"purchasable","19":"product-type-simple"},"_links":{"self":[{"href":"https:\/\/arabikakafija.lv\/en\/wp-json\/wp\/v2\/product\/3415","targetHints":{"allow":["GET"]}}],"collection":[{"href":"https:\/\/arabikakafija.lv\/en\/wp-json\/wp\/v2\/product"}],"about":[{"href":"https:\/\/arabikakafija.lv\/en\/wp-json\/wp\/v2\/types\/product"}],"replies":[{"embeddable":true,"href":"https:\/\/arabikakafija.lv\/en\/wp-json\/wp\/v2\/comments?post=3415"}],"version-history":[{"count":3,"href":"https:\/\/arabikakafija.lv\/en\/wp-json\/wp\/v2\/product\/3415\/revisions"}],"predecessor-version":[{"id":10645,"href":"https:\/\/arabikakafija.lv\/en\/wp-json\/wp\/v2\/product\/3415\/revisions\/10645"}],"wp:featuredmedia":[{"embeddable":true,"href":"https:\/\/arabikakafija.lv\/en\/wp-json\/wp\/v2\/media\/10691"}],"wp:attachment":[{"href":"https:\/\/arabikakafija.lv\/en\/wp-json\/wp\/v2\/media?parent=3415"}],"wp:term":[{"taxonomy":"product_brand","embeddable":true,"href":"https:\/\/arabikakafija.lv\/en\/wp-json\/wp\/v2\/product_brand?post=3415"},{"taxonomy":"product_cat","embeddable":true,"href":"https:\/\/arabikakafija.lv\/en\/wp-json\/wp\/v2\/product_cat?post=3415"},{"taxonomy":"product_tag","embeddable":true,"href":"https:\/\/arabikakafija.lv\/en\/wp-json\/wp\/v2\/product_tag?post=3415"}],"curies":[{"name":"wp","href":"https:\/\/api.w.org\/{rel}","templated":true}]}}