{"id":3411,"date":"2023-02-03T11:19:00","date_gmt":"2023-02-03T09:19:00","guid":{"rendered":"https:\/\/arabikakafija.lv\/?post_type=product&#038;p=3411"},"modified":"2026-04-09T15:27:08","modified_gmt":"2026-04-09T12:27:08","slug":"kafijas-kapsulas-corsini-costa-rica-100-arabika-10x5-2","status":"publish","type":"product","link":"https:\/\/arabikakafija.lv\/en\/product\/kafijas-kapsulas-corsini-costa-rica-100-arabika-10x5-2\/","title":{"rendered":"Coffee capsules Costa Rica (10\u00d75.2), 100% arabica"},"content":{"rendered":"<p>Kostarikas 100% arabikas\u00a0 kafijas kapsulas. \u0160o izsmalcin\u0101to kafiju audz\u0113 kop\u0161 1700. gada Tarrazu re\u0123iona kalnos uz dienvidiem no San Hose 1200 l\u012bdz 1700 metru augstum\u0101 virs j\u016bras l\u012bme\u0146a. Labv\u0113l\u012bgie klimatiskie apst\u0101k\u013ci, \u0123eogr\u0101fiskais izvietojums un bag\u0101t\u012bg\u0101 vulk\u0101na augsne rada labv\u0113l\u012bgu dab\u012bgu vidi kafijas audz\u0113\u0161anai. Kostarikas kafija ir arom\u0101tiska, tai piem\u012bt salda, pies\u0101tin\u0101ta un vienm\u0113r\u012bga gar\u0161a. Ieteicams to izbaud\u012bt atp\u016btas br\u012b\u017eos.<\/p>\n<p>Pack of 10 espresso capsules, 5,2g each.<\/p>\n<p>Compatible with Citiz, Pixie, Essence, \"U\" , Lattissima, Nespresso, etc.<\/p>\n<p>10 packs per box.<\/p>\n<p>Roasted in Italy.<\/p>","protected":false},"excerpt":{"rendered":"<p>Exquisite and aromatic Costa Rican 100% Arabica coffee capsules with a sweet, rich and smooth taste.<\/p>\n<p>Pack of 10 espresso capsules, 5,2g each.<\/p>\n<p>Compatible with Citiz, Pixie, Essence, \"U\" , Lattissima, Nespresso, etc.<\/p>\n<p>10 packs per box.<\/p>\n<p>Roasted in Italy.<\/p>","protected":false},"featured_media":5247,"comment_status":"closed","ping_status":"closed","template":"","meta":{"site-sidebar-layout":"default","site-content-layout":"default","ast-site-content-layout":"default","site-content-style":"default","site-sidebar-style":"default","ast-global-header-display":"","ast-banner-title-visibility":"","ast-main-header-display":"","ast-hfb-above-header-display":"","ast-hfb-below-header-display":"","ast-hfb-mobile-header-display":"","site-post-title":"","ast-breadcrumbs-content":"","ast-featured-img":"","footer-sml-layout":"","theme-transparent-header-meta":"default","adv-header-id-meta":"","stick-header-meta":"","header-above-stick-meta":"","header-main-stick-meta":"","header-below-stick-meta":"","astra-migrate-meta-layouts":"set","ast-page-background-enabled":"default","ast-page-background-meta":{"desktop":{"background-color":"var(--ast-global-color-4)","background-image":"","background-repeat":"repeat","background-position":"center center","background-size":"auto","background-attachment":"scroll","background-type":"","background-media":"","overlay-type":"","overlay-color":"","overlay-opacity":"","overlay-gradient":""},"tablet":{"background-color":"","background-image":"","background-repeat":"repeat","background-position":"center center","background-size":"auto","background-attachment":"scroll","background-type":"","background-media":"","overlay-type":"","overlay-color":"","overlay-opacity":"","overlay-gradient":""},"mobile":{"background-color":"","background-image":"","background-repeat":"repeat","background-position":"center center","background-size":"auto","background-attachment":"scroll","background-type":"","background-media":"","overlay-type":"","overlay-color":"","overlay-opacity":"","overlay-gradient":""}},"ast-content-background-meta":{"desktop":{"background-color":"var(--ast-global-color-5)","background-image":"","background-repeat":"repeat","background-position":"center center","background-size":"auto","background-attachment":"scroll","background-type":"","background-media":"","overlay-type":"","overlay-color":"","overlay-opacity":"","overlay-gradient":""},"tablet":{"background-color":"var(--ast-global-color-5)","background-image":"","background-repeat":"repeat","background-position":"center center","background-size":"auto","background-attachment":"scroll","background-type":"","background-media":"","overlay-type":"","overlay-color":"","overlay-opacity":"","overlay-gradient":""},"mobile":{"background-color":"var(--ast-global-color-5)","background-image":"","background-repeat":"repeat","background-position":"center center","background-size":"auto","background-attachment":"scroll","background-type":"","background-media":"","overlay-type":"","overlay-color":"","overlay-opacity":"","overlay-gradient":""}}},"product_brand":[],"product_cat":[55,33],"product_tag":[63,83],"class_list":{"0":"post-3411","1":"product","2":"type-product","3":"status-publish","4":"has-post-thumbnail","6":"product_cat-kapsulas","7":"product_cat-kostarikas-kafija","8":"product_tag-kafijas-kapsulas","9":"product_tag-kostarika","10":"desktop-align-left","11":"tablet-align-left","12":"mobile-align-left","14":"first","15":"instock","16":"taxable","17":"shipping-taxable","18":"purchasable","19":"product-type-simple"},"_links":{"self":[{"href":"https:\/\/arabikakafija.lv\/en\/wp-json\/wp\/v2\/product\/3411","targetHints":{"allow":["GET"]}}],"collection":[{"href":"https:\/\/arabikakafija.lv\/en\/wp-json\/wp\/v2\/product"}],"about":[{"href":"https:\/\/arabikakafija.lv\/en\/wp-json\/wp\/v2\/types\/product"}],"replies":[{"embeddable":true,"href":"https:\/\/arabikakafija.lv\/en\/wp-json\/wp\/v2\/comments?post=3411"}],"version-history":[{"count":4,"href":"https:\/\/arabikakafija.lv\/en\/wp-json\/wp\/v2\/product\/3411\/revisions"}],"predecessor-version":[{"id":10534,"href":"https:\/\/arabikakafija.lv\/en\/wp-json\/wp\/v2\/product\/3411\/revisions\/10534"}],"wp:featuredmedia":[{"embeddable":true,"href":"https:\/\/arabikakafija.lv\/en\/wp-json\/wp\/v2\/media\/5247"}],"wp:attachment":[{"href":"https:\/\/arabikakafija.lv\/en\/wp-json\/wp\/v2\/media?parent=3411"}],"wp:term":[{"taxonomy":"product_brand","embeddable":true,"href":"https:\/\/arabikakafija.lv\/en\/wp-json\/wp\/v2\/product_brand?post=3411"},{"taxonomy":"product_cat","embeddable":true,"href":"https:\/\/arabikakafija.lv\/en\/wp-json\/wp\/v2\/product_cat?post=3411"},{"taxonomy":"product_tag","embeddable":true,"href":"https:\/\/arabikakafija.lv\/en\/wp-json\/wp\/v2\/product_tag?post=3411"}],"curies":[{"name":"wp","href":"https:\/\/api.w.org\/{rel}","templated":true}]}}