{"id":10081,"date":"2025-11-19T14:16:07","date_gmt":"2025-11-19T12:16:07","guid":{"rendered":"https:\/\/arabikakafija.lv\/?post_type=product&#038;p=10081"},"modified":"2026-04-20T17:02:31","modified_gmt":"2026-04-20T14:02:31","slug":"maltas-kafijas-izlase-4x125g-100-arabika-kenya-costa-rica-brasil-colombia","status":"publish","type":"product","link":"https:\/\/arabikakafija.lv\/en\/product\/maltas-kafijas-izlase-4x125g-100-arabika-kenya-costa-rica-brasil-colombia\/","title":{"rendered":"Maltas kafijas izlase, 4x125g, Kenya, Costa Rica, Brasil, Colombia, 100% arabika"},"content":{"rendered":"<p>Izsmalcin\u0101ta d\u0101vanu kast\u012bte ar \u010detr\u0101m 100% Arabika vienas izcelsmes kafij\u0101m. Ide\u0101la izv\u0113le gan ikdienas baud\u012bjumam, gan \u012bpa\u0161iem mirk\u013ciem. Katra valsts pied\u0101v\u0101 savu unik\u0101lo raksturu, arom\u0101tu un gar\u0161as pieredzi.<\/p>\n<p>Iepakojum\u0101 ietilpst 4 \u00d7 125 g maltas kafijas:<\/p>\n<ul>\n<li><strong>KENIJA \u2013 sp\u0113c\u012bga un intens\u012bva<\/strong><\/li>\n<li><strong>BRAZ\u012aLIJA \u2013 maiga un arom\u0101tiska<\/strong><\/li>\n<li><strong>KOSTARIKA \u2013 izsmalcin\u0101ta un eksotiska<\/strong><\/li>\n<li><strong>KOLUMBIJA \u2013 salda un samtaina<\/strong><\/li>\n<\/ul>\n<p>Kafijas izlase, kas ved gar\u0161as ce\u013cojum\u0101 cauri kontinentiem, atkl\u0101jot aizraujo\u0161as un neatk\u0101rtojamas gar\u0161as nianses no t\u0101l\u0101m un unik\u0101l\u0101m zem\u0113m.<\/p>","protected":false},"excerpt":{"rendered":"<p>Izsmalcin\u0101ta d\u0101vanu kast\u012bte ar \u010detr\u0101m 100% Arabika vienas izcelsmes kafij\u0101m. Ide\u0101la izv\u0113le gan ikdienas baud\u012bjumam, gan \u012bpa\u0161iem mirk\u013ciem. Katra valsts pied\u0101v\u0101 savu unik\u0101lo raksturu, arom\u0101tu un gar\u0161as pieredzi.<\/p>\n<p>Iepakojum\u0101 ietilpst 4 \u00d7 125 g maltas kafijas:<\/p>\n<ul>\n<li><strong>KENIJA \u2013 sp\u0113c\u012bga un intens\u012bva<\/strong><\/li>\n<li><strong>BRAZ\u012aLIJA \u2013 maiga un arom\u0101tiska<\/strong><\/li>\n<li><strong>KOSTARIKA \u2013 izsmalcin\u0101ta un eksotiska<\/strong><\/li>\n<li><strong>KOLUMBIJA \u2013 salda un samtaina<\/strong><\/li>\n<\/ul>\n<p>Kafijas izlase, kas ved gar\u0161as ce\u013cojum\u0101 cauri kontinentiem, atkl\u0101jot aizraujo\u0161as un neatk\u0101rtojamas gar\u0161as nianses no t\u0101l\u0101m un unik\u0101l\u0101m zem\u0113m.<\/p>","protected":false},"featured_media":10082,"comment_status":"open","ping_status":"closed","template":"","meta":{"site-sidebar-layout":"default","site-content-layout":"","ast-site-content-layout":"default","site-content-style":"default","site-sidebar-style":"default","ast-global-header-display":"","ast-banner-title-visibility":"","ast-main-header-display":"","ast-hfb-above-header-display":"","ast-hfb-below-header-display":"","ast-hfb-mobile-header-display":"","site-post-title":"","ast-breadcrumbs-content":"","ast-featured-img":"","footer-sml-layout":"","theme-transparent-header-meta":"default","adv-header-id-meta":"","stick-header-meta":"","header-above-stick-meta":"","header-main-stick-meta":"","header-below-stick-meta":"","astra-migrate-meta-layouts":"set","ast-page-background-enabled":"default","ast-page-background-meta":{"desktop":{"background-color":"var(--ast-global-color-4)","background-image":"","background-repeat":"repeat","background-position":"center center","background-size":"auto","background-attachment":"scroll","background-type":"","background-media":"","overlay-type":"","overlay-color":"","overlay-opacity":"","overlay-gradient":""},"tablet":{"background-color":"","background-image":"","background-repeat":"repeat","background-position":"center center","background-size":"auto","background-attachment":"scroll","background-type":"","background-media":"","overlay-type":"","overlay-color":"","overlay-opacity":"","overlay-gradient":""},"mobile":{"background-color":"","background-image":"","background-repeat":"repeat","background-position":"center center","background-size":"auto","background-attachment":"scroll","background-type":"","background-media":"","overlay-type":"","overlay-color":"","overlay-opacity":"","overlay-gradient":""}},"ast-content-background-meta":{"desktop":{"background-color":"var(--ast-global-color-5)","background-image":"","background-repeat":"repeat","background-position":"center center","background-size":"auto","background-attachment":"scroll","background-type":"","background-media":"","overlay-type":"","overlay-color":"","overlay-opacity":"","overlay-gradient":""},"tablet":{"background-color":"var(--ast-global-color-5)","background-image":"","background-repeat":"repeat","background-position":"center center","background-size":"auto","background-attachment":"scroll","background-type":"","background-media":"","overlay-type":"","overlay-color":"","overlay-opacity":"","overlay-gradient":""},"mobile":{"background-color":"var(--ast-global-color-5)","background-image":"","background-repeat":"repeat","background-position":"center center","background-size":"auto","background-attachment":"scroll","background-type":"","background-media":"","overlay-type":"","overlay-color":"","overlay-opacity":"","overlay-gradient":""}}},"product_brand":[],"product_cat":[128,54],"product_tag":[],"class_list":{"0":"post-10081","1":"product","2":"type-product","3":"status-publish","4":"has-post-thumbnail","6":"product_cat-akcija","7":"product_cat-malta-kafija","8":"desktop-align-left","9":"tablet-align-left","10":"mobile-align-left","12":"first","13":"instock","14":"sale","15":"taxable","16":"shipping-taxable","17":"purchasable","18":"product-type-simple"},"_links":{"self":[{"href":"https:\/\/arabikakafija.lv\/en\/wp-json\/wp\/v2\/product\/10081","targetHints":{"allow":["GET"]}}],"collection":[{"href":"https:\/\/arabikakafija.lv\/en\/wp-json\/wp\/v2\/product"}],"about":[{"href":"https:\/\/arabikakafija.lv\/en\/wp-json\/wp\/v2\/types\/product"}],"replies":[{"embeddable":true,"href":"https:\/\/arabikakafija.lv\/en\/wp-json\/wp\/v2\/comments?post=10081"}],"version-history":[{"count":4,"href":"https:\/\/arabikakafija.lv\/en\/wp-json\/wp\/v2\/product\/10081\/revisions"}],"predecessor-version":[{"id":10091,"href":"https:\/\/arabikakafija.lv\/en\/wp-json\/wp\/v2\/product\/10081\/revisions\/10091"}],"wp:featuredmedia":[{"embeddable":true,"href":"https:\/\/arabikakafija.lv\/en\/wp-json\/wp\/v2\/media\/10082"}],"wp:attachment":[{"href":"https:\/\/arabikakafija.lv\/en\/wp-json\/wp\/v2\/media?parent=10081"}],"wp:term":[{"taxonomy":"product_brand","embeddable":true,"href":"https:\/\/arabikakafija.lv\/en\/wp-json\/wp\/v2\/product_brand?post=10081"},{"taxonomy":"product_cat","embeddable":true,"href":"https:\/\/arabikakafija.lv\/en\/wp-json\/wp\/v2\/product_cat?post=10081"},{"taxonomy":"product_tag","embeddable":true,"href":"https:\/\/arabikakafija.lv\/en\/wp-json\/wp\/v2\/product_tag?post=10081"}],"curies":[{"name":"wp","href":"https:\/\/api.w.org\/{rel}","templated":true}]}}